{"id":846,"date":"2025-01-14T11:01:16","date_gmt":"2025-01-14T10:01:16","guid":{"rendered":"https:\/\/www.campingambois.com\/?page_id=846"},"modified":"2025-01-15T15:54:22","modified_gmt":"2025-01-15T14:54:22","slug":"la-roche-sur-yon","status":"publish","type":"page","link":"https:\/\/www.campingambois.com\/en\/la-roche-sur-yon\/","title":{"rendered":"La Roche sur Yon"},"content":{"rendered":"<div class=\"wp-block-stackable-columns stk-block-columns stk-block stk-96d73a7\" data-block-id=\"96d73a7\"><div class=\"stk-row stk-inner-blocks stk-block-content stk-content-align stk-96d73a7-column\">\n<div class=\"wp-block-stackable-column stk-block-column stk-column stk-block stk-b0a4ca4\" data-v=\"4\" data-block-id=\"b0a4ca4\"><div class=\"stk-column-wrapper stk-block-column__content stk-container stk-b0a4ca4-container stk--no-background stk--no-padding\"><div class=\"stk-block-content stk-inner-blocks stk-b0a4ca4-inner-blocks\">\n<div class=\"wp-block-stackable-image-box stk-block-image-box stk-hover-parent stk-block stk-c16537f is-style-line\" data-block-id=\"c16537f\"><style>.stk-c16537f {border-top-left-radius:10px !important;border-top-right-radius:10px !important;border-bottom-right-radius:10px !important;border-bottom-left-radius:10px !important;overflow:hidden !important;}<\/style><div class=\"stk-block-content stk-inner-blocks has-text-align-center stk-row stk-block-image-box__content\">\n<div class=\"wp-block-stackable-image stk-block-image stk-block stk-b9da356\" data-block-id=\"b9da356\"><style>.stk-b9da356 .stk-img-wrapper{height:350px !important;}:where(.stk-hover-parent:hover,  .stk-hover-parent.stk--is-hovered) .stk-b9da356 .stk-img-wrapper::after{background-color:var(--stk-global-color-95148, #3c5018) !important;}:where(.stk-hover-parent:hover,  .stk-hover-parent.stk--is-hovered) .stk-b9da356 .stk-img-wrapper{--stk-gradient-overlay:0.5 !important;}<\/style><figure><span class=\"stk-img-wrapper stk-image--shape-stretch\"><img loading=\"lazy\" decoding=\"async\" class=\"stk-img wp-image-806\" src=\"https:\/\/www.campingambois.com\/wp-content\/uploads\/2025\/01\/Vendespace.jpg\" width=\"1200\" height=\"800\" alt=\"campsite near Vendespace\" srcset=\"https:\/\/www.campingambois.com\/wp-content\/uploads\/2025\/01\/Vendespace.jpg 1200w, https:\/\/www.campingambois.com\/wp-content\/uploads\/2025\/01\/Vendespace-300x200.jpg 300w, https:\/\/www.campingambois.com\/wp-content\/uploads\/2025\/01\/Vendespace-1024x683.jpg 1024w, https:\/\/www.campingambois.com\/wp-content\/uploads\/2025\/01\/Vendespace-768x512.jpg 768w, https:\/\/www.campingambois.com\/wp-content\/uploads\/2025\/01\/Vendespace-500x333.jpg 500w, https:\/\/www.campingambois.com\/wp-content\/uploads\/2025\/01\/Vendespace-800x533.jpg 800w\" sizes=\"auto, (max-width: 1200px) 100vw, 1200px\" \/><\/span><\/figure><\/div>\n\n\n\n<div class=\"wp-block-stackable-column stk-block-column stk-column stk-block stk-0e75003\" data-v=\"4\" data-block-id=\"0e75003\"><style>.stk-0e75003-container{margin-top:0px !important;margin-right:0px !important;margin-bottom:0px !important;margin-left:0px !important;background-color:#3c4f1854 !important;display:flex !important;}.stk-0e75003-container:before{background-color:#3c4f1854 !important;}.stk-0e75003-inner-blocks{justify-content:center !important;}<\/style><div class=\"stk-column-wrapper stk-block-column__content stk-container stk-0e75003-container stk-hover-parent\"><div class=\"stk-block-content stk-inner-blocks stk-0e75003-inner-blocks\">\n<div class=\"wp-block-stackable-heading stk-block-heading stk-block-heading--v2 stk-block stk-0312329\" id=\"le-vendespace\" data-block-id=\"0312329\"><style>.stk-0312329 .stk-block-heading__bottom-line{height:2px !important;width:0px !important;background-color:#FFFFFF !important;margin-top:16px !important;margin-left:auto !important;margin-right:auto !important;}:where(.stk-hover-parent:hover,  .stk-hover-parent.stk--is-hovered) .stk-0312329 .stk-block-heading__bottom-line{width:80% !important;}.stk-0312329 .stk-block-heading__text{font-size:28px !important;color:#FFFFFF !important;}@media screen and (max-width: 1023px){.stk-0312329 .stk-block-heading__text{font-size:28px !important;}}<\/style><h4 class=\"stk-block-heading__text has-text-color has-white-color\">Le Vendespace<\/h4><div class=\"stk-block-heading__bottom-line\"><\/div><\/div>\n<\/div><\/div><\/div>\n<\/div><a class=\"stk-link stk-block-link stk--transparent-overlay\" href=\"https:\/\/www.campingambois.com\/en\/le-vendespace\/\"><\/a><\/div>\n<\/div><\/div><\/div>\n\n\n\n<div class=\"wp-block-stackable-column stk-block-column stk-column stk-block stk-42810f7\" data-v=\"4\" data-block-id=\"42810f7\"><div class=\"stk-column-wrapper stk-block-column__content stk-container stk-42810f7-container stk--no-background stk--no-padding\"><div class=\"stk-block-content stk-inner-blocks stk-42810f7-inner-blocks\">\n<div class=\"wp-block-stackable-image-box stk-block-image-box stk-hover-parent stk-block stk-294f401 is-style-line\" data-block-id=\"294f401\"><style>.stk-294f401 {border-top-left-radius:10px !important;border-top-right-radius:10px !important;border-bottom-right-radius:10px !important;border-bottom-left-radius:10px !important;overflow:hidden !important;}<\/style><div class=\"stk-block-content stk-inner-blocks has-text-align-center stk-row stk-block-image-box__content\">\n<div class=\"wp-block-stackable-image stk-block-image stk-block stk-1b67d2d\" data-block-id=\"1b67d2d\"><style>.stk-1b67d2d .stk-img-wrapper{height:350px !important;}:where(.stk-hover-parent:hover,  .stk-hover-parent.stk--is-hovered) .stk-1b67d2d .stk-img-wrapper::after{background-color:var(--stk-global-color-95148, #3c5018) !important;}:where(.stk-hover-parent:hover,  .stk-hover-parent.stk--is-hovered) .stk-1b67d2d .stk-img-wrapper{--stk-gradient-overlay:0.5 !important;}<\/style><figure><span class=\"stk-img-wrapper stk-image--shape-stretch\"><img loading=\"lazy\" decoding=\"async\" class=\"stk-img wp-image-838\" src=\"https:\/\/www.campingambois.com\/wp-content\/uploads\/2025\/01\/cheval_debout.jpg\" width=\"1024\" height=\"682\" alt=\"campsite near the Vend\u00e9e stud farm\" srcset=\"https:\/\/www.campingambois.com\/wp-content\/uploads\/2025\/01\/cheval_debout.jpg 1024w, https:\/\/www.campingambois.com\/wp-content\/uploads\/2025\/01\/cheval_debout-300x200.jpg 300w, https:\/\/www.campingambois.com\/wp-content\/uploads\/2025\/01\/cheval_debout-768x512.jpg 768w, https:\/\/www.campingambois.com\/wp-content\/uploads\/2025\/01\/cheval_debout-500x333.jpg 500w, https:\/\/www.campingambois.com\/wp-content\/uploads\/2025\/01\/cheval_debout-800x533.jpg 800w\" sizes=\"auto, (max-width: 1024px) 100vw, 1024px\" \/><\/span><\/figure><\/div>\n\n\n\n<div class=\"wp-block-stackable-column stk-block-column stk-column stk-block stk-a00c89c\" data-v=\"4\" data-block-id=\"a00c89c\"><style>.stk-a00c89c-container{margin-top:0px !important;margin-right:0px !important;margin-bottom:0px !important;margin-left:0px !important;background-color:#3c4f1854 !important;display:flex !important;}.stk-a00c89c-container:before{background-color:#3c4f1854 !important;}.stk-a00c89c-inner-blocks{justify-content:center !important;}<\/style><div class=\"stk-column-wrapper stk-block-column__content stk-container stk-a00c89c-container stk-hover-parent\"><div class=\"stk-block-content stk-inner-blocks stk-a00c89c-inner-blocks\">\n<div class=\"wp-block-stackable-heading stk-block-heading stk-block-heading--v2 stk-block stk-cb9a61c\" id=\"les-activites\" data-block-id=\"cb9a61c\"><style>.stk-cb9a61c .stk-block-heading__bottom-line{height:2px !important;width:0px !important;background-color:#FFFFFF !important;margin-top:16px !important;margin-left:auto !important;margin-right:auto !important;}:where(.stk-hover-parent:hover,  .stk-hover-parent.stk--is-hovered) .stk-cb9a61c .stk-block-heading__bottom-line{width:80% !important;}.stk-cb9a61c .stk-block-heading__text{font-size:28px !important;color:#FFFFFF !important;}@media screen and (max-width: 1023px){.stk-cb9a61c .stk-block-heading__text{font-size:28px !important;}}<\/style><h4 class=\"stk-block-heading__text has-text-color has-white-color\">The activities<\/h4><div class=\"stk-block-heading__bottom-line\"><\/div><\/div>\n<\/div><\/div><\/div>\n<\/div><a class=\"stk-link stk-block-link stk--transparent-overlay\" href=\"https:\/\/www.campingambois.com\/en\/activities-in-la-roche-sur-yon\/\"><\/a><\/div>\n<\/div><\/div><\/div>\n\n\n\n<div class=\"wp-block-stackable-column stk-block-column stk-column stk-block stk-d5570a1\" data-v=\"4\" data-block-id=\"d5570a1\"><div class=\"stk-column-wrapper stk-block-column__content stk-container stk-d5570a1-container stk--no-background stk--no-padding\"><div class=\"stk-block-content stk-inner-blocks stk-d5570a1-inner-blocks\">\n<div class=\"wp-block-stackable-image-box stk-block-image-box stk-hover-parent stk-block stk-e98d95a is-style-line\" data-block-id=\"e98d95a\"><style>.stk-e98d95a {border-top-left-radius:10px !important;border-top-right-radius:10px !important;border-bottom-right-radius:10px !important;border-bottom-left-radius:10px !important;overflow:hidden !important;}<\/style><div class=\"stk-block-content stk-inner-blocks has-text-align-center stk-row stk-block-image-box__content\">\n<div class=\"wp-block-stackable-image stk-block-image stk-block stk-429da51\" data-block-id=\"429da51\"><style>.stk-429da51 .stk-img-wrapper{height:350px !important;}:where(.stk-hover-parent:hover,  .stk-hover-parent.stk--is-hovered) .stk-429da51 .stk-img-wrapper::after{background-color:var(--stk-global-color-95148, #3c5018) !important;}:where(.stk-hover-parent:hover,  .stk-hover-parent.stk--is-hovered) .stk-429da51 .stk-img-wrapper{--stk-gradient-overlay:0.5 !important;}<\/style><figure><span class=\"stk-img-wrapper stk-image--shape-stretch\"><img loading=\"lazy\" decoding=\"async\" class=\"stk-img wp-image-782\" src=\"https:\/\/www.campingambois.com\/wp-content\/uploads\/2025\/01\/LaCabane-BremsurMer30-Personnalise.jpg\" width=\"600\" height=\"900\" alt=\"the Marais Poitevin\" srcset=\"https:\/\/www.campingambois.com\/wp-content\/uploads\/2025\/01\/LaCabane-BremsurMer30-Personnalise.jpg 600w, https:\/\/www.campingambois.com\/wp-content\/uploads\/2025\/01\/LaCabane-BremsurMer30-Personnalise-200x300.jpg 200w, https:\/\/www.campingambois.com\/wp-content\/uploads\/2025\/01\/LaCabane-BremsurMer30-Personnalise-500x750.jpg 500w\" sizes=\"auto, (max-width: 600px) 100vw, 600px\" \/><\/span><\/figure><\/div>\n\n\n\n<div class=\"wp-block-stackable-column stk-block-column stk-column stk-block stk-c8ec394\" data-v=\"4\" data-block-id=\"c8ec394\"><style>.stk-c8ec394-container{margin-top:0px !important;margin-right:0px !important;margin-bottom:0px !important;margin-left:0px !important;background-color:#3c4f1854 !important;display:flex !important;}.stk-c8ec394-container:before{background-color:#3c4f1854 !important;}.stk-c8ec394-inner-blocks{justify-content:center !important;}<\/style><div class=\"stk-column-wrapper stk-block-column__content stk-container stk-c8ec394-container stk-hover-parent\"><div class=\"stk-block-content stk-inner-blocks stk-c8ec394-inner-blocks\">\n<div class=\"wp-block-stackable-heading stk-block-heading stk-block-heading--v2 stk-block stk-78d7c95\" id=\"les-bonnes-adresses\" data-block-id=\"78d7c95\"><style>.stk-78d7c95 .stk-block-heading__bottom-line{height:2px !important;width:0px !important;background-color:#FFFFFF !important;margin-top:16px !important;margin-left:auto !important;margin-right:auto !important;}:where(.stk-hover-parent:hover,  .stk-hover-parent.stk--is-hovered) .stk-78d7c95 .stk-block-heading__bottom-line{width:80% !important;}.stk-78d7c95 .stk-block-heading__text{font-size:28px !important;color:#FFFFFF !important;}@media screen and (max-width: 1023px){.stk-78d7c95 .stk-block-heading__text{font-size:28px !important;}}<\/style><h4 class=\"stk-block-heading__text has-text-color has-white-color\">The best addresses <\/h4><div class=\"stk-block-heading__bottom-line\"><\/div><\/div>\n<\/div><\/div><\/div>\n<\/div><a class=\"stk-link stk-block-link stk--transparent-overlay\" href=\"https:\/\/www.campingambois.com\/en\/good-addresses-in-vendee\/\"><\/a><\/div>\n<\/div><\/div><\/div>\n\n\n\n<div class=\"wp-block-stackable-column stk-block-column stk-column stk-block stk-4d5bff1\" data-v=\"4\" data-block-id=\"4d5bff1\"><div class=\"stk-column-wrapper stk-block-column__content stk-container stk-4d5bff1-container stk--no-background stk--no-padding\"><div class=\"stk-block-content stk-inner-blocks stk-4d5bff1-inner-blocks\">\n<div class=\"wp-block-stackable-image-box stk-block-image-box stk-hover-parent stk-block stk-1f17eec is-style-line\" data-block-id=\"1f17eec\"><style>.stk-1f17eec {border-top-left-radius:10px !important;border-top-right-radius:10px !important;border-bottom-right-radius:10px !important;border-bottom-left-radius:10px !important;overflow:hidden !important;}<\/style><div class=\"stk-block-content stk-inner-blocks has-text-align-center stk-row stk-block-image-box__content\">\n<div class=\"wp-block-stackable-image stk-block-image stk-block stk-cde362d\" data-block-id=\"cde362d\"><style>.stk-cde362d .stk-img-wrapper{height:350px !important;}:where(.stk-hover-parent:hover,  .stk-hover-parent.stk--is-hovered) .stk-cde362d .stk-img-wrapper::after{background-color:var(--stk-global-color-95148, #3c5018) !important;}:where(.stk-hover-parent:hover,  .stk-hover-parent.stk--is-hovered) .stk-cde362d .stk-img-wrapper{--stk-gradient-overlay:0.5 !important;}<\/style><figure><span class=\"stk-img-wrapper stk-image--shape-stretch\"><img loading=\"lazy\" decoding=\"async\" class=\"stk-img wp-image-850\" src=\"https:\/\/www.campingambois.com\/wp-content\/uploads\/2025\/01\/marchebretignollessurmer7-2-Personnalise.jpg\" width=\"900\" height=\"600\" alt=\"markets near the campsite\" srcset=\"https:\/\/www.campingambois.com\/wp-content\/uploads\/2025\/01\/marchebretignollessurmer7-2-Personnalise.jpg 900w, https:\/\/www.campingambois.com\/wp-content\/uploads\/2025\/01\/marchebretignollessurmer7-2-Personnalise-300x200.jpg 300w, https:\/\/www.campingambois.com\/wp-content\/uploads\/2025\/01\/marchebretignollessurmer7-2-Personnalise-768x512.jpg 768w, https:\/\/www.campingambois.com\/wp-content\/uploads\/2025\/01\/marchebretignollessurmer7-2-Personnalise-500x333.jpg 500w, https:\/\/www.campingambois.com\/wp-content\/uploads\/2025\/01\/marchebretignollessurmer7-2-Personnalise-800x533.jpg 800w\" sizes=\"auto, (max-width: 900px) 100vw, 900px\" \/><\/span><\/figure><\/div>\n\n\n\n<div class=\"wp-block-stackable-column stk-block-column stk-column stk-block stk-7360d9b\" data-v=\"4\" data-block-id=\"7360d9b\"><style>.stk-7360d9b-container{margin-top:0px !important;margin-right:0px !important;margin-bottom:0px !important;margin-left:0px !important;background-color:#3c4f1854 !important;display:flex !important;}.stk-7360d9b-container:before{background-color:#3c4f1854 !important;}.stk-7360d9b-inner-blocks{justify-content:center !important;}<\/style><div class=\"stk-column-wrapper stk-block-column__content stk-container stk-7360d9b-container stk-hover-parent\"><div class=\"stk-block-content stk-inner-blocks stk-7360d9b-inner-blocks\">\n<div class=\"wp-block-stackable-heading stk-block-heading stk-block-heading--v2 stk-block stk-1228e61\" id=\"les-marches\" data-block-id=\"1228e61\"><style>.stk-1228e61 .stk-block-heading__bottom-line{height:2px !important;width:0px !important;background-color:#FFFFFF !important;margin-top:16px !important;margin-left:auto !important;margin-right:auto !important;}:where(.stk-hover-parent:hover,  .stk-hover-parent.stk--is-hovered) .stk-1228e61 .stk-block-heading__bottom-line{width:80% !important;}.stk-1228e61 .stk-block-heading__text{font-size:28px !important;color:#FFFFFF !important;}@media screen and (max-width: 1023px){.stk-1228e61 .stk-block-heading__text{font-size:28px !important;}}<\/style><h4 class=\"stk-block-heading__text has-text-color has-white-color\">The markets <\/h4><div class=\"stk-block-heading__bottom-line\"><\/div><\/div>\n<\/div><\/div><\/div>\n<\/div><\/div>\n<\/div><\/div><\/div>\n<\/div><\/div>","protected":false},"excerpt":{"rendered":"<p>Vendespace Activities Useful addresses Markets<\/p>","protected":false},"author":1,"featured_media":1233,"parent":0,"menu_order":0,"comment_status":"closed","ping_status":"closed","template":"","meta":{"_acf_changed":false,"_seopress_robots_primary_cat":"","_seopress_titles_title":"D\u00e9couvrez La Roche sur Yon - Camping 4* Ambois","_seopress_titles_desc":"Pr\u00e8s du camping 4 \u00e9toiles l'Ambois, d\u00e9couvrez La Roche sur Yon. Balades et activit\u00e9s pour toute la famille pr\u00e8s du camping avec psicine.","_seopress_robots_index":"","_vp_format_video_url":"","_vp_image_focal_point":[],"footnotes":""},"class_list":["post-846","page","type-page","status-publish","has-post-thumbnail","hentry"],"acf":[],"_links":{"self":[{"href":"https:\/\/www.campingambois.com\/en\/wp-json\/wp\/v2\/pages\/846","targetHints":{"allow":["GET"]}}],"collection":[{"href":"https:\/\/www.campingambois.com\/en\/wp-json\/wp\/v2\/pages"}],"about":[{"href":"https:\/\/www.campingambois.com\/en\/wp-json\/wp\/v2\/types\/page"}],"author":[{"embeddable":true,"href":"https:\/\/www.campingambois.com\/en\/wp-json\/wp\/v2\/users\/1"}],"replies":[{"embeddable":true,"href":"https:\/\/www.campingambois.com\/en\/wp-json\/wp\/v2\/comments?post=846"}],"version-history":[{"count":5,"href":"https:\/\/www.campingambois.com\/en\/wp-json\/wp\/v2\/pages\/846\/revisions"}],"predecessor-version":[{"id":1344,"href":"https:\/\/www.campingambois.com\/en\/wp-json\/wp\/v2\/pages\/846\/revisions\/1344"}],"wp:featuredmedia":[{"embeddable":true,"href":"https:\/\/www.campingambois.com\/en\/wp-json\/wp\/v2\/media\/1233"}],"wp:attachment":[{"href":"https:\/\/www.campingambois.com\/en\/wp-json\/wp\/v2\/media?parent=846"}],"curies":[{"name":"wp","href":"https:\/\/api.w.org\/{rel}","templated":true}]}}