{"id":525,"date":"2025-01-10T15:07:13","date_gmt":"2025-01-10T14:07:13","guid":{"rendered":"https:\/\/www.campingambois.com\/?page_id=525"},"modified":"2025-02-18T14:45:38","modified_gmt":"2025-02-18T13:45:38","slug":"city-walks","status":"publish","type":"page","link":"https:\/\/www.campingambois.com\/en\/cote-loisirs\/les-balades-citadines\/","title":{"rendered":"City walks in the Vend\u00e9e"},"content":{"rendered":"<div class=\"wp-block-stackable-columns stk-block-columns stk-block stk-2234b8e\" data-block-id=\"2234b8e\"><style>.stk-2234b8e .stk--block-align-2234b8e{align-items:center !important;}.stk-2234b8e {align-items:center !important;margin-top:4% !important;margin-bottom:0% !important;display:flex !important;}<\/style><div class=\"stk-row stk-inner-blocks stk--block-align-2234b8e stk-block-content stk-content-align stk-2234b8e-column\">\n<div class=\"wp-block-stackable-column stk-block-column stk-column stk-block stk-bf3181d\" data-v=\"4\" data-block-id=\"bf3181d\"><style>.stk-bf3181d {align-self:flex-start !important;}<\/style><div class=\"stk-column-wrapper stk-block-column__content stk-container stk-bf3181d-container stk--no-background stk--no-padding\"><div class=\"stk-block-content stk-inner-blocks stk-bf3181d-inner-blocks\">\n<p data-block-type=\"core\"><strong>The village of Vouvant<\/strong> Classified as one of the \"Most Beautiful Villages in France\", Vouvant is a charming medieval village. Take a stroll through its cobbled streets, admire its half-timbered houses and discover the Tour M\u00e9lusine for a breathtaking view.<\/p>\n\n\n\n<p data-block-type=\"core\"><strong>La Roche-sur-Yon<\/strong> Place Napol\u00e9on: This covered market, renowned for its local produce and lively atmosphere, is ideal for a gourmet stroll. Place Napol\u00e9on is famous for its animated animals: interactive sculptures that move and create a playful atmosphere.<\/p>\n\n\n\n<p data-block-type=\"core\"><strong>Penotte Island in Les Sables d'Olonne<\/strong> Discover this picturesque district where the houses are decorated with colourful frescoes made from shells. Stroll through the narrow streets and admire this unique art. It's an original walk, full of charm and colour.<\/p>\n\n\n\n<p data-block-type=\"core\"><strong>Noirmoutier town centre and its summer market<\/strong> Stroll through the picturesque narrow streets of Noirmoutier town centre, where you'll discover traditional houses and craft shops. Don't miss the lively and colourful summer market, where local produce and island specialities mingle in a friendly atmosphere.<\/p>\n\n\n\n<div class=\"wp-block-stackable-image stk-block-image stk-block stk-f9fd564\" data-block-id=\"f9fd564\"><style>.stk-f9fd564 {margin-bottom:-48% !important;margin-left:-34% !important;}.stk-f9fd564 .stk-img-wrapper{width:59% !important;height:100% !important;}<\/style><figure><span class=\"stk-img-wrapper stk-image--shape-stretch\"><img alt=\"\" loading=\"lazy\" decoding=\"async\" class=\"stk-img wp-image-132\" src=\"https:\/\/www.campingambois.com\/wp-content\/uploads\/2024\/12\/feuille-1.png\" width=\"290\" height=\"290\"\/><\/span><\/figure><\/div>\n<\/div><\/div><\/div>\n\n\n\n<div class=\"wp-block-stackable-column stk-block-column stk-column stk-block stk-a5d4b65\" data-v=\"4\" data-block-id=\"a5d4b65\"><style>.stk-a5d4b65 {margin-right:-60px !important;}.stk-a5d4b65-container{padding-top:0px !important;padding-right:0px !important;padding-bottom:0px !important;padding-left:0px !important;}<\/style><div class=\"stk-column-wrapper stk-block-column__content stk-container stk-a5d4b65-container stk--no-background stk--no-padding\"><div class=\"stk-block-content stk-inner-blocks stk-a5d4b65-inner-blocks\">\n<div class=\"wp-block-stackable-columns stk-block-columns stk-block stk-0e4fad4\" data-block-id=\"0e4fad4\"><div class=\"stk-row stk-inner-blocks stk-block-content stk-content-align stk-0e4fad4-column\">\n<div class=\"wp-block-stackable-column stk-block-column stk-column stk-block stk-eb9c398\" data-v=\"4\" data-block-id=\"eb9c398\"><div class=\"stk-column-wrapper stk-block-column__content stk-container stk-eb9c398-container stk--no-background stk--no-padding\"><div class=\"stk-block-content stk-inner-blocks stk-eb9c398-inner-blocks\">\n<div class=\"wp-block-stackable-image stk-block-image stk-block stk-99c650b stk-block-background stk--has-background-overlay\" data-block-id=\"99c650b\"><style>.stk-99c650b {background-image:url(https:\/\/www.campingambois.com\/wp-content\/uploads\/2025\/01\/Vouvant1-Personnalise.jpg) !important;border-top-left-radius:30px !important;border-top-right-radius:30px !important;border-bottom-right-radius:30px !important;border-bottom-left-radius:30px !important;overflow:hidden !important;box-shadow:-2px -2px 6px 0px #00000054 !important;}.stk-99c650b .stk-img-wrapper{width:100% !important;height:400px !important;filter:drop-shadow(-2px -2px 6px #00000054) !important;}.stk-99c650b .stk-img-wrapper img{object-position:48% 44% !important;}@media screen and (max-width: 767px){.stk-99c650b .stk-img-wrapper{height:200px !important;}}<\/style><style class=\"stk-custom-css\">.stk-99c650b.stk-block-image img{visibility:hidden !important}<\/style><figure><span class=\"stk-img-wrapper stk-image--shape-stretch stk--shadow--2px -2px 6px #00000054\"><img loading=\"lazy\" decoding=\"async\" class=\"stk-img wp-image-600\" src=\"https:\/\/www.campingambois.com\/wp-content\/uploads\/2025\/01\/les-sables-dolonne-IMG_7798-Personnalise-1.jpg\" width=\"900\" height=\"600\" alt=\"Vouvant in the Vend\u00e9e\" srcset=\"https:\/\/www.campingambois.com\/wp-content\/uploads\/2025\/01\/les-sables-dolonne-IMG_7798-Personnalise-1.jpg 900w, https:\/\/www.campingambois.com\/wp-content\/uploads\/2025\/01\/les-sables-dolonne-IMG_7798-Personnalise-1-300x200.jpg 300w, https:\/\/www.campingambois.com\/wp-content\/uploads\/2025\/01\/les-sables-dolonne-IMG_7798-Personnalise-1-768x512.jpg 768w, https:\/\/www.campingambois.com\/wp-content\/uploads\/2025\/01\/les-sables-dolonne-IMG_7798-Personnalise-1-500x333.jpg 500w, https:\/\/www.campingambois.com\/wp-content\/uploads\/2025\/01\/les-sables-dolonne-IMG_7798-Personnalise-1-800x533.jpg 800w\" sizes=\"auto, (max-width: 900px) 100vw, 900px\" \/><\/span><\/figure><\/div>\n\n\n\n<div class=\"wp-block-stackable-image stk-block-image stk-block stk-6be26de stk-block-background stk--has-background-overlay\" data-block-id=\"6be26de\"><style>.stk-6be26de {background-image:url(https:\/\/www.campingambois.com\/wp-content\/uploads\/2025\/01\/les-sables-dolonne-IMG_7798-Personnalise-1.jpg) !important;border-top-left-radius:30px !important;border-top-right-radius:30px !important;border-bottom-right-radius:30px !important;border-bottom-left-radius:30px !important;overflow:hidden !important;box-shadow:-2px -2px 6px 0px #00000054 !important;}.stk-6be26de .stk-img-wrapper{width:100% !important;height:400px !important;filter:drop-shadow(-2px -2px 6px #00000054) !important;}.stk-6be26de .stk-img-wrapper img{object-position:48% 44% !important;}@media screen and (max-width: 767px){.stk-6be26de .stk-img-wrapper{height:200px !important;}}<\/style><style class=\"stk-custom-css\">.stk-6be26de.stk-block-image img{visibility:hidden !important}<\/style><figure><span class=\"stk-img-wrapper stk-image--shape-stretch stk--shadow--2px -2px 6px #00000054\"><img loading=\"lazy\" decoding=\"async\" class=\"stk-img wp-image-600\" src=\"https:\/\/www.campingambois.com\/wp-content\/uploads\/2025\/01\/les-sables-dolonne-IMG_7798-Personnalise-1.jpg\" width=\"900\" height=\"600\" alt=\"penotte island\" srcset=\"https:\/\/www.campingambois.com\/wp-content\/uploads\/2025\/01\/les-sables-dolonne-IMG_7798-Personnalise-1.jpg 900w, https:\/\/www.campingambois.com\/wp-content\/uploads\/2025\/01\/les-sables-dolonne-IMG_7798-Personnalise-1-300x200.jpg 300w, https:\/\/www.campingambois.com\/wp-content\/uploads\/2025\/01\/les-sables-dolonne-IMG_7798-Personnalise-1-768x512.jpg 768w, https:\/\/www.campingambois.com\/wp-content\/uploads\/2025\/01\/les-sables-dolonne-IMG_7798-Personnalise-1-500x333.jpg 500w, https:\/\/www.campingambois.com\/wp-content\/uploads\/2025\/01\/les-sables-dolonne-IMG_7798-Personnalise-1-800x533.jpg 800w\" sizes=\"auto, (max-width: 900px) 100vw, 900px\" \/><\/span><\/figure><\/div>\n<\/div><\/div><\/div>\n\n\n\n<div class=\"wp-block-stackable-column stk-block-column stk-column stk-block stk-50c7ac7\" data-v=\"4\" data-block-id=\"50c7ac7\"><div class=\"stk-column-wrapper stk-block-column__content stk-container stk-50c7ac7-container stk--no-background stk--no-padding\"><div class=\"stk-block-content stk-inner-blocks stk-50c7ac7-inner-blocks\">\n<div class=\"wp-block-stackable-image stk-block-image stk-block stk-e3b0ea1\" data-block-id=\"e3b0ea1\"><style>.stk-e3b0ea1 {border-top-left-radius:30px !important;border-top-right-radius:30px !important;border-bottom-right-radius:30px !important;border-bottom-left-radius:30px !important;overflow:hidden !important;box-shadow:0px 0px 0px 0px #000000 !important;border-style:solid !important;border-color:#FFFFFF !important;border-top-width:15px !important;border-right-width:0px !important;border-bottom-width:15px !important;border-left-width:15px !important;margin-top:65px !important;margin-bottom:0px !important;margin-left:-56px !important;z-index:3 !important;}.stk-e3b0ea1 .stk-img-wrapper{width:100% !important;height:400px !important;}.stk-e3b0ea1 .stk-img-wrapper img{object-position:52% 51% !important;}@media screen and (max-width: 767px){.stk-e3b0ea1 {margin-top:0px !important;margin-left:0px !important;}.stk-e3b0ea1 .stk-img-wrapper{height:200px !important;}}<\/style><figure><span class=\"stk-img-wrapper stk-image--shape-stretch\"><img loading=\"lazy\" decoding=\"async\" class=\"stk-img wp-image-533\" src=\"https:\/\/www.campingambois.com\/wp-content\/uploads\/2025\/01\/place_Napoleon_La_Roche_sur_-Personnalise.jpg\" width=\"1000\" height=\"1500\" alt=\"self-catering accommodation Vend\u00e9e\" srcset=\"https:\/\/www.campingambois.com\/wp-content\/uploads\/2025\/01\/place_Napoleon_La_Roche_sur_-Personnalise.jpg 1000w, https:\/\/www.campingambois.com\/wp-content\/uploads\/2025\/01\/place_Napoleon_La_Roche_sur_-Personnalise-200x300.jpg 200w, https:\/\/www.campingambois.com\/wp-content\/uploads\/2025\/01\/place_Napoleon_La_Roche_sur_-Personnalise-683x1024.jpg 683w, https:\/\/www.campingambois.com\/wp-content\/uploads\/2025\/01\/place_Napoleon_La_Roche_sur_-Personnalise-768x1152.jpg 768w, https:\/\/www.campingambois.com\/wp-content\/uploads\/2025\/01\/place_Napoleon_La_Roche_sur_-Personnalise-500x750.jpg 500w, https:\/\/www.campingambois.com\/wp-content\/uploads\/2025\/01\/place_Napoleon_La_Roche_sur_-Personnalise-800x1200.jpg 800w\" sizes=\"auto, (max-width: 1000px) 100vw, 1000px\" \/><\/span><\/figure><\/div>\n\n\n\n<div class=\"wp-block-stackable-image stk-block-image stk-block stk-7be213e stk-block-background stk--has-background-overlay\" data-block-id=\"7be213e\"><style>.stk-7be213e {background-image:url(https:\/\/www.campingambois.com\/wp-content\/uploads\/2025\/01\/Bourg_EpineNoirmoutier-Personnalise.jpg) !important;border-top-left-radius:30px !important;border-top-right-radius:30px !important;border-bottom-right-radius:30px !important;border-bottom-left-radius:30px !important;overflow:hidden !important;box-shadow:-2px -2px 6px 0px #00000054 !important;margin-top:11% !important;margin-left:-1% !important;}.stk-7be213e .stk-img-wrapper{width:100% !important;height:400px !important;filter:drop-shadow(-2px -2px 6px #00000054) !important;}.stk-7be213e .stk-img-wrapper img{object-position:48% 44% !important;}@media screen and (max-width: 767px){.stk-7be213e .stk-img-wrapper{height:200px !important;}}<\/style><style class=\"stk-custom-css\">.stk-7be213e.stk-block-image img{visibility:hidden !important}<\/style><figure><span class=\"stk-img-wrapper stk-image--shape-stretch stk--shadow--2px -2px 6px #00000054\"><img loading=\"lazy\" decoding=\"async\" class=\"stk-img wp-image-750\" src=\"https:\/\/www.campingambois.com\/wp-content\/uploads\/2025\/01\/visite_haras_vendee_la_roc-2-Personnalise.jpg\" width=\"1000\" height=\"667\" alt=\"noirmoutier centre\" srcset=\"https:\/\/www.campingambois.com\/wp-content\/uploads\/2025\/01\/visite_haras_vendee_la_roc-2-Personnalise.jpg 1000w, https:\/\/www.campingambois.com\/wp-content\/uploads\/2025\/01\/visite_haras_vendee_la_roc-2-Personnalise-300x200.jpg 300w, https:\/\/www.campingambois.com\/wp-content\/uploads\/2025\/01\/visite_haras_vendee_la_roc-2-Personnalise-768x512.jpg 768w, https:\/\/www.campingambois.com\/wp-content\/uploads\/2025\/01\/visite_haras_vendee_la_roc-2-Personnalise-500x334.jpg 500w, https:\/\/www.campingambois.com\/wp-content\/uploads\/2025\/01\/visite_haras_vendee_la_roc-2-Personnalise-800x534.jpg 800w\" sizes=\"auto, (max-width: 1000px) 100vw, 1000px\" \/><\/span><\/figure><\/div>\n<\/div><\/div><\/div>\n<\/div><\/div>\n<\/div><\/div><\/div>\n<\/div><\/div>","protected":false},"excerpt":{"rendered":"<p>Le village de Vouvant : Class\u00e9 parmi les \u00ab\u00a0Plus Beaux Villages de France\u00a0\u00bb, Vouvant est un charmant village m\u00e9di\u00e9val. Promenez-vous dans ses ruelles pav\u00e9es, admirez ses maisons \u00e0 colombages et d\u00e9couvrez la Tour M\u00e9lusine pour une vue imprenable. La Roche-sur-Yon : Ce march\u00e9 couvert, r\u00e9put\u00e9 pour ses produits locaux et son ambiance vivante, est id\u00e9al [&hellip;]<\/p>\n","protected":false},"author":1,"featured_media":537,"parent":786,"menu_order":0,"comment_status":"closed","ping_status":"closed","template":"","meta":{"_acf_changed":false,"_seopress_robots_primary_cat":"","_seopress_titles_title":"C\u00f4t\u00e9 villes, baladez vous","_seopress_titles_desc":"Vous pourrez d\u00e9couvrir les villes qui bordent le camping de l'Ambois. Ce sera l'occasion de vous offrir de belles balades","_seopress_robots_index":"","_vp_format_video_url":"","_vp_image_focal_point":[],"footnotes":""},"class_list":["post-525","page","type-page","status-publish","has-post-thumbnail","hentry"],"acf":[],"_links":{"self":[{"href":"https:\/\/www.campingambois.com\/en\/wp-json\/wp\/v2\/pages\/525","targetHints":{"allow":["GET"]}}],"collection":[{"href":"https:\/\/www.campingambois.com\/en\/wp-json\/wp\/v2\/pages"}],"about":[{"href":"https:\/\/www.campingambois.com\/en\/wp-json\/wp\/v2\/types\/page"}],"author":[{"embeddable":true,"href":"https:\/\/www.campingambois.com\/en\/wp-json\/wp\/v2\/users\/1"}],"replies":[{"embeddable":true,"href":"https:\/\/www.campingambois.com\/en\/wp-json\/wp\/v2\/comments?post=525"}],"version-history":[{"count":75,"href":"https:\/\/www.campingambois.com\/en\/wp-json\/wp\/v2\/pages\/525\/revisions"}],"predecessor-version":[{"id":16415,"href":"https:\/\/www.campingambois.com\/en\/wp-json\/wp\/v2\/pages\/525\/revisions\/16415"}],"up":[{"embeddable":true,"href":"https:\/\/www.campingambois.com\/en\/wp-json\/wp\/v2\/pages\/786"}],"wp:featuredmedia":[{"embeddable":true,"href":"https:\/\/www.campingambois.com\/en\/wp-json\/wp\/v2\/media\/537"}],"wp:attachment":[{"href":"https:\/\/www.campingambois.com\/en\/wp-json\/wp\/v2\/media?parent=525"}],"curies":[{"name":"wp","href":"https:\/\/api.w.org\/{rel}","templated":true}]}}