{"id":511,"date":"2025-01-10T15:02:08","date_gmt":"2025-01-10T14:02:08","guid":{"rendered":"https:\/\/www.campingambois.com\/?page_id=511"},"modified":"2025-02-18T14:47:01","modified_gmt":"2025-02-18T13:47:01","slug":"the-poitevin-marshes","status":"publish","type":"page","link":"https:\/\/www.campingambois.com\/en\/cote-nature\/le-marais-poitevin\/","title":{"rendered":"The Marais Poitevin"},"content":{"rendered":"<div class=\"wp-block-stackable-text stk-block-text stk-block stk-bcd6c72\" data-block-id=\"bcd6c72\"><p class=\"stk-block-text__text has-text-align-center\">The Marais Poitevin, nicknamed the \"Green Venice\", is an exceptional natural area, classified as a regional nature park, located between the Vend\u00e9e and Deux-S\u00e8vres departments. This network of canals lined with lush vegetation offers an idyllic setting for nature lovers.<\/p><\/div>\n\n\n\n<div class=\"wp-block-stackable-columns alignfull stk-block-columns stk-block stk-6cff31a stk-block-background stk--has-background-overlay\" data-block-id=\"6cff31a\"><style>.stk-6cff31a .stk--block-align-6cff31a{align-items:center !important;}.stk-6cff31a {background-color:#0e2201 !important;background-image:url(https:\/\/www.campingambois.com\/wp-content\/uploads\/2024\/12\/feuille-1-1.png) !important;background-position:bottom center !important;background-repeat:no-repeat !important;background-size:13% !important;padding-top:0px !important;padding-bottom:0px !important;margin-bottom:0px !important;}.stk-6cff31a:before{background-color:#0e2201 !important;opacity:0.8 !important;}.stk-6cff31a-column{--stk-column-gap:30px !important;}<\/style><div class=\"stk-row stk-inner-blocks stk--block-align-6cff31a stk-block-content stk-content-align stk-6cff31a-column alignfull\">\n<div class=\"wp-block-stackable-column stk-block-column stk-column stk-block stk-e337e03\" data-v=\"4\" data-block-id=\"e337e03\"><div class=\"stk-column-wrapper stk-block-column__content stk-container stk-e337e03-container stk--no-background stk--no-padding\"><div class=\"stk-block-content stk-inner-blocks stk-e337e03-inner-blocks\">\n<div class=\"wp-block-stackable-image stk-block-image stk-block stk-dfa36f9\" data-block-id=\"dfa36f9\"><style>.stk-dfa36f9 {border-top-left-radius:150px !important;border-bottom-right-radius:150px !important;overflow:hidden !important;padding-top:0px !important;padding-right:0px !important;padding-bottom:0px !important;padding-left:0px !important;margin-top:-12px !important;margin-bottom:-12px !important;}.stk-dfa36f9 .stk-img-wrapper{width:100% !important;height:600px !important;}.stk-dfa36f9 .stk-img-wrapper img{object-position:65% 47% !important;}@media screen and (max-width: 767px){.stk-dfa36f9 .stk-img-wrapper{height:300px !important;}}<\/style><figure><span class=\"stk-img-wrapper stk-image--shape-stretch\"><img loading=\"lazy\" decoding=\"async\" class=\"stk-img wp-image-567\" src=\"https:\/\/www.campingambois.com\/wp-content\/uploads\/2025\/01\/maraispoitevin_embarcadere_lemazeau_089-Personnalise-Personnalise.jpg\" width=\"1000\" height=\"750\" alt=\"the Poitevin marshes\"\/><\/span><\/figure><\/div>\n<\/div><\/div><\/div>\n\n\n\n<div class=\"wp-block-stackable-column stk-block-column stk-column stk-block stk-f5ebddb\" data-v=\"4\" data-block-id=\"f5ebddb\"><style>.stk-f5ebddb {align-self:center !important;}<\/style><div class=\"stk-column-wrapper stk-block-column__content stk-container stk-f5ebddb-container stk--no-background stk--no-padding\"><div class=\"stk-block-content stk-inner-blocks stk-f5ebddb-inner-blocks\">\n<div class=\"wp-block-stackable-text stk-block-text stk-block stk-1341160\" data-block-id=\"1341160\"><style>.stk-1341160 .stk-block-text__text{color:#ffffff !important;}<\/style><p class=\"stk-block-text__text has-text-color\">Visitors can explore the marshes on foot, by bike or in a traditional boat, a must for discovering the local wildlife, including herons and swans, and enjoying the peace and quiet. Hiking trails and cycle paths are also available to explore this lush, unspoilt landscape.<br><br>Charming villages such as Coulon, Damvix and La Garette offer a taste of the region's authenticity, with their typical houses and craft shops. Gourmets will love the local specialities, such as crayfish and goat's cheese. The Marais Poitevin is the perfect place to relax and explore nature in a peaceful setting.<\/p><\/div>\n<\/div><\/div><\/div>\n<\/div><\/div>\n\n\n\n<div class=\"wp-block-stackable-separator alignfull stk-block-separator stk--no-padding stk-block stk-eba6fe9\" data-block-id=\"eba6fe9\"><style>.stk-eba6fe9 {padding-bottom:0% !important;margin-bottom:0px !important;}.stk-eba6fe9 svg{fill:var(--stk-global-color-10901, #e4eed5) !important;}.stk-eba6fe9 .stk-block-separator__inner{transform:scaleX(1.9) !important;height:247px !important;}<\/style><div class=\"stk-block-separator__inner\"><svg xmlns=\"http:\/\/www.w3.org\/2000\/svg\" viewbox=\"0 0 1600 200\" class=\"stk-separator__layer-1\" preserveaspectratio=\"none\" aria-hidden=\"true\"><path class=\"wave-1_svg__st2\" d=\"M1341.4 48.9c-182.4 0-254.2 80.4-429.4 80.4-117.8 0-209.7-67.5-393.5-67.5-142.2 0-212.6 38.8-324.6 38.8S-10 64.7-10 64.7V210h1620V102c-110.6-40.2-181-53.1-268.6-53.1z\"><\/path><\/svg><\/div><\/div>\n\n\n<div class=\"wp-block-visual-portfolio alignfull\">\n<div class=\"vp-portfolio vp-uid-3221b733 vp-id-Z23buGd\"\n\tdata-vp-layout=\"tiles\" data-vp-content-source=\"images\" data-vp-items-style=\"default\" data-vp-items-click-action=\"popup_gallery\" data-vp-items-gap=\"15\" data-vp-items-gap-vertical=\"\" data-vp-pagination=\"load-more\" data-vp-next-page-url=\"\" data-vp-tiles-type=\"4|1,1|\" >\n\t<div class=\"vp-portfolio__preloader-wrap\">\n\t\t<div class=\"vp-portfolio__preloader\">\n\t\t\t<img decoding=\"async\" loading=\"eager\" src=\"https:\/\/www.campingambois.com\/wp-content\/plugins\/visual-portfolio\/assets\/images\/logo-dark.svg\" alt=\"Visual Portfolio, Posts &amp; Image Gallery for WordPress\" width=\"20\" height=\"20\" data-skip-lazy>\n\t\t<\/div>\n\t<\/div>\n\t\t<div class=\"vp-portfolio__items-wrap\">\n\t\t\t\n<div class=\"vp-portfolio__items vp-portfolio__items-style-default vp-portfolio__items-show-overlay-hover\">\n\n\t\t<div\t\tclass=\"vp-portfolio__item-wrap vp-portfolio__item-uid-23f9701c\" data-vp-filter=\"\" \t\t>\n\t\t\t<template class=\"vp-portfolio__item-popup\" style=\"display: none\" data-vp-popup-img=\"https:\/\/www.campingambois.com\/wp-content\/uploads\/2025\/01\/Le-Mazeau-Personnalise.jpg\" data-vp-popup-img-srcset=\"https:\/\/www.campingambois.com\/wp-content\/uploads\/2025\/01\/Le-Mazeau-Personnalise.jpg 1000w, https:\/\/www.campingambois.com\/wp-content\/uploads\/2025\/01\/Le-Mazeau-Personnalise-300x200.jpg 300w, https:\/\/www.campingambois.com\/wp-content\/uploads\/2025\/01\/Le-Mazeau-Personnalise-768x512.jpg 768w, https:\/\/www.campingambois.com\/wp-content\/uploads\/2025\/01\/Le-Mazeau-Personnalise-500x334.jpg 500w, https:\/\/www.campingambois.com\/wp-content\/uploads\/2025\/01\/Le-Mazeau-Personnalise-800x534.jpg 800w\" data-vp-popup-img-size=\"1000x667\" data-vp-popup-md-img=\"https:\/\/www.campingambois.com\/wp-content\/uploads\/2025\/01\/Le-Mazeau-Personnalise-800x534.jpg\" data-vp-popup-md-img-size=\"800x534\" data-vp-popup-sm-img=\"https:\/\/www.campingambois.com\/wp-content\/uploads\/2025\/01\/Le-Mazeau-Personnalise-500x334.jpg\" data-vp-popup-sm-img-size=\"500x334\">\n\t<\/template>\n\t\t\t\t\t\t<figure class=\"vp-portfolio__item\">\n\t\t\t\t\n<div class=\"vp-portfolio__item-img-wrap\">\n\t<div class=\"vp-portfolio__item-img\">\n\t\t\t<a\n\t\thref=\"https:\/\/www.campingambois.com\/wp-content\/uploads\/2025\/01\/Le-Mazeau-Personnalise.jpg\"\n\t\taria-label=\"Open image\" \t>\n\t\n\t\t<noscript><img loading=\"lazy\" decoding=\"async\" width=\"1000\" height=\"667\" data-skip-lazy src=\"https:\/\/www.campingambois.com\/wp-content\/uploads\/2025\/01\/Le-Mazeau-Personnalise.jpg\" class=\"wp-image-568\" alt=\"the Marais Poitevin\" srcset=\"https:\/\/www.campingambois.com\/wp-content\/uploads\/2025\/01\/Le-Mazeau-Personnalise.jpg 1000w, https:\/\/www.campingambois.com\/wp-content\/uploads\/2025\/01\/Le-Mazeau-Personnalise-300x200.jpg 300w, https:\/\/www.campingambois.com\/wp-content\/uploads\/2025\/01\/Le-Mazeau-Personnalise-768x512.jpg 768w, https:\/\/www.campingambois.com\/wp-content\/uploads\/2025\/01\/Le-Mazeau-Personnalise-500x334.jpg 500w, https:\/\/www.campingambois.com\/wp-content\/uploads\/2025\/01\/Le-Mazeau-Personnalise-800x534.jpg 800w\" sizes=\"auto, (max-width: 1000px) 100vw, 1000px\" \/><\/noscript><img fetchpriority=\"high\" decoding=\"async\" width=\"1000\" height=\"667\" src=\"https:\/\/www.campingambois.com\/wp-content\/uploads\/2025\/01\/Le-Mazeau-Personnalise.jpg\" class=\"wp-image-568 vp-lazyload\" alt=\"the Marais Poitevin\" srcset=\"data:image\/svg+xml;base64,PHN2ZyB3aWR0aD0iMTAwMCIgaGVpZ2h0PSI2NjciIHZpZXdCb3g9IjAgMCAxMDAwIDY2NyIgZmlsbD0ibm9uZSIgeG1sbnM9Imh0dHA6Ly93d3cudzMub3JnLzIwMDAvc3ZnIj48L3N2Zz4=\" data-src=\"https:\/\/www.campingambois.com\/wp-content\/uploads\/2025\/01\/Le-Mazeau-Personnalise.jpg\" data-srcset=\"https:\/\/www.campingambois.com\/wp-content\/uploads\/2025\/01\/Le-Mazeau-Personnalise.jpg 1000w, https:\/\/www.campingambois.com\/wp-content\/uploads\/2025\/01\/Le-Mazeau-Personnalise-300x200.jpg 300w, https:\/\/www.campingambois.com\/wp-content\/uploads\/2025\/01\/Le-Mazeau-Personnalise-768x512.jpg 768w, https:\/\/www.campingambois.com\/wp-content\/uploads\/2025\/01\/Le-Mazeau-Personnalise-500x334.jpg 500w, https:\/\/www.campingambois.com\/wp-content\/uploads\/2025\/01\/Le-Mazeau-Personnalise-800x534.jpg 800w\" data-sizes=\"auto\" loading=\"eager\">\n\t\t<div class=\"vp-portfolio__item-overlay\">\n\t\t\t\t\t<\/div>\n\n\t\t<\/a>\t<\/div>\n<\/div>\n\n\t\t\t<\/figure>\n\t\t\t\t\t<\/div>\n\t\t\n\t\t<div\t\tclass=\"vp-portfolio__item-wrap vp-portfolio__item-uid-ec4227ef\" data-vp-filter=\"\" \t\t>\n\t\t\t<template class=\"vp-portfolio__item-popup\" style=\"display: none\" data-vp-popup-img=\"https:\/\/www.campingambois.com\/wp-content\/uploads\/2025\/01\/maraispoitevin_embarcadere_lemazeau_055-Personnalise-Personnalise.jpg\" data-vp-popup-img-srcset=\"https:\/\/www.campingambois.com\/wp-content\/uploads\/2025\/01\/maraispoitevin_embarcadere_lemazeau_055-Personnalise-Personnalise.jpg 1000w, https:\/\/www.campingambois.com\/wp-content\/uploads\/2025\/01\/maraispoitevin_embarcadere_lemazeau_055-Personnalise-Personnalise-300x200.jpg 300w, https:\/\/www.campingambois.com\/wp-content\/uploads\/2025\/01\/maraispoitevin_embarcadere_lemazeau_055-Personnalise-Personnalise-768x512.jpg 768w, https:\/\/www.campingambois.com\/wp-content\/uploads\/2025\/01\/maraispoitevin_embarcadere_lemazeau_055-Personnalise-Personnalise-500x334.jpg 500w, https:\/\/www.campingambois.com\/wp-content\/uploads\/2025\/01\/maraispoitevin_embarcadere_lemazeau_055-Personnalise-Personnalise-800x534.jpg 800w\" data-vp-popup-img-size=\"1000x667\" data-vp-popup-md-img=\"https:\/\/www.campingambois.com\/wp-content\/uploads\/2025\/01\/maraispoitevin_embarcadere_lemazeau_055-Personnalise-Personnalise-800x534.jpg\" data-vp-popup-md-img-size=\"800x534\" data-vp-popup-sm-img=\"https:\/\/www.campingambois.com\/wp-content\/uploads\/2025\/01\/maraispoitevin_embarcadere_lemazeau_055-Personnalise-Personnalise-500x334.jpg\" data-vp-popup-sm-img-size=\"500x334\">\n\t<\/template>\n\t\t\t\t\t\t<figure class=\"vp-portfolio__item\">\n\t\t\t\t\n<div class=\"vp-portfolio__item-img-wrap\">\n\t<div class=\"vp-portfolio__item-img\">\n\t\t\t<a\n\t\thref=\"https:\/\/www.campingambois.com\/wp-content\/uploads\/2025\/01\/maraispoitevin_embarcadere_lemazeau_055-Personnalise-Personnalise.jpg\"\n\t\taria-label=\"Open image\" \t>\n\t\n\t\t<noscript><img loading=\"lazy\" decoding=\"async\" width=\"1000\" height=\"667\" data-skip-lazy src=\"https:\/\/www.campingambois.com\/wp-content\/uploads\/2025\/01\/maraispoitevin_embarcadere_lemazeau_055-Personnalise-Personnalise.jpg\" class=\"wp-image-569\" alt=\"the Marais Poitevin\" srcset=\"https:\/\/www.campingambois.com\/wp-content\/uploads\/2025\/01\/maraispoitevin_embarcadere_lemazeau_055-Personnalise-Personnalise.jpg 1000w, https:\/\/www.campingambois.com\/wp-content\/uploads\/2025\/01\/maraispoitevin_embarcadere_lemazeau_055-Personnalise-Personnalise-300x200.jpg 300w, https:\/\/www.campingambois.com\/wp-content\/uploads\/2025\/01\/maraispoitevin_embarcadere_lemazeau_055-Personnalise-Personnalise-768x512.jpg 768w, https:\/\/www.campingambois.com\/wp-content\/uploads\/2025\/01\/maraispoitevin_embarcadere_lemazeau_055-Personnalise-Personnalise-500x334.jpg 500w, https:\/\/www.campingambois.com\/wp-content\/uploads\/2025\/01\/maraispoitevin_embarcadere_lemazeau_055-Personnalise-Personnalise-800x534.jpg 800w\" sizes=\"auto, (max-width: 1000px) 100vw, 1000px\" \/><\/noscript><img decoding=\"async\" width=\"1000\" height=\"667\" src=\"https:\/\/www.campingambois.com\/wp-content\/uploads\/2025\/01\/maraispoitevin_embarcadere_lemazeau_055-Personnalise-Personnalise.jpg\" class=\"wp-image-569 vp-lazyload\" alt=\"the Marais Poitevin\" srcset=\"data:image\/svg+xml;base64,PHN2ZyB3aWR0aD0iMTAwMCIgaGVpZ2h0PSI2NjciIHZpZXdCb3g9IjAgMCAxMDAwIDY2NyIgZmlsbD0ibm9uZSIgeG1sbnM9Imh0dHA6Ly93d3cudzMub3JnLzIwMDAvc3ZnIj48L3N2Zz4=\" data-src=\"https:\/\/www.campingambois.com\/wp-content\/uploads\/2025\/01\/maraispoitevin_embarcadere_lemazeau_055-Personnalise-Personnalise.jpg\" data-srcset=\"https:\/\/www.campingambois.com\/wp-content\/uploads\/2025\/01\/maraispoitevin_embarcadere_lemazeau_055-Personnalise-Personnalise.jpg 1000w, https:\/\/www.campingambois.com\/wp-content\/uploads\/2025\/01\/maraispoitevin_embarcadere_lemazeau_055-Personnalise-Personnalise-300x200.jpg 300w, https:\/\/www.campingambois.com\/wp-content\/uploads\/2025\/01\/maraispoitevin_embarcadere_lemazeau_055-Personnalise-Personnalise-768x512.jpg 768w, https:\/\/www.campingambois.com\/wp-content\/uploads\/2025\/01\/maraispoitevin_embarcadere_lemazeau_055-Personnalise-Personnalise-500x334.jpg 500w, https:\/\/www.campingambois.com\/wp-content\/uploads\/2025\/01\/maraispoitevin_embarcadere_lemazeau_055-Personnalise-Personnalise-800x534.jpg 800w\" data-sizes=\"auto\" loading=\"eager\">\n\t\t<div class=\"vp-portfolio__item-overlay\">\n\t\t\t\t\t<\/div>\n\n\t\t<\/a>\t<\/div>\n<\/div>\n\n\t\t\t<\/figure>\n\t\t\t\t\t<\/div>\n\t\t\n\t\t<div\t\tclass=\"vp-portfolio__item-wrap vp-portfolio__item-uid-9e3001e4\" data-vp-filter=\"\" \t\t>\n\t\t\t<template class=\"vp-portfolio__item-popup\" style=\"display: none\" data-vp-popup-img=\"https:\/\/www.campingambois.com\/wp-content\/uploads\/2025\/01\/maraispoitevin_randonnee_bouillecourdault_201-Personnalise-Personnalise.jpg\" data-vp-popup-img-srcset=\"https:\/\/www.campingambois.com\/wp-content\/uploads\/2025\/01\/maraispoitevin_randonnee_bouillecourdault_201-Personnalise-Personnalise.jpg 667w, https:\/\/www.campingambois.com\/wp-content\/uploads\/2025\/01\/maraispoitevin_randonnee_bouillecourdault_201-Personnalise-Personnalise-200x300.jpg 200w, https:\/\/www.campingambois.com\/wp-content\/uploads\/2025\/01\/maraispoitevin_randonnee_bouillecourdault_201-Personnalise-Personnalise-500x750.jpg 500w\" data-vp-popup-img-size=\"667x1000\" data-vp-popup-md-img=\"https:\/\/www.campingambois.com\/wp-content\/uploads\/2025\/01\/maraispoitevin_randonnee_bouillecourdault_201-Personnalise-Personnalise.jpg\" data-vp-popup-md-img-size=\"667x1000\" data-vp-popup-sm-img=\"https:\/\/www.campingambois.com\/wp-content\/uploads\/2025\/01\/maraispoitevin_randonnee_bouillecourdault_201-Personnalise-Personnalise-500x750.jpg\" data-vp-popup-sm-img-size=\"500x750\">\n\t<\/template>\n\t\t\t\t\t\t<figure class=\"vp-portfolio__item\">\n\t\t\t\t\n<div class=\"vp-portfolio__item-img-wrap\">\n\t<div class=\"vp-portfolio__item-img\">\n\t\t\t<a\n\t\thref=\"https:\/\/www.campingambois.com\/wp-content\/uploads\/2025\/01\/maraispoitevin_randonnee_bouillecourdault_201-Personnalise-Personnalise.jpg\"\n\t\taria-label=\"Open image\" \t>\n\t\n\t\t<noscript><img loading=\"lazy\" decoding=\"async\" width=\"667\" height=\"1000\" data-skip-lazy src=\"https:\/\/www.campingambois.com\/wp-content\/uploads\/2025\/01\/maraispoitevin_randonnee_bouillecourdault_201-Personnalise-Personnalise.jpg\" class=\"wp-image-570\" alt=\"the Marais Poitevin\" srcset=\"https:\/\/www.campingambois.com\/wp-content\/uploads\/2025\/01\/maraispoitevin_randonnee_bouillecourdault_201-Personnalise-Personnalise.jpg 667w, https:\/\/www.campingambois.com\/wp-content\/uploads\/2025\/01\/maraispoitevin_randonnee_bouillecourdault_201-Personnalise-Personnalise-200x300.jpg 200w, https:\/\/www.campingambois.com\/wp-content\/uploads\/2025\/01\/maraispoitevin_randonnee_bouillecourdault_201-Personnalise-Personnalise-500x750.jpg 500w\" sizes=\"auto, (max-width: 667px) 100vw, 667px\" \/><\/noscript><img decoding=\"async\" width=\"667\" height=\"1000\" src=\"https:\/\/www.campingambois.com\/wp-content\/uploads\/2025\/01\/maraispoitevin_randonnee_bouillecourdault_201-Personnalise-Personnalise.jpg\" class=\"wp-image-570 vp-lazyload\" alt=\"the Marais Poitevin\" srcset=\"data:image\/svg+xml;base64,PHN2ZyB3aWR0aD0iNjY3IiBoZWlnaHQ9IjEwMDAiIHZpZXdCb3g9IjAgMCA2NjcgMTAwMCIgZmlsbD0ibm9uZSIgeG1sbnM9Imh0dHA6Ly93d3cudzMub3JnLzIwMDAvc3ZnIj48L3N2Zz4=\" data-src=\"https:\/\/www.campingambois.com\/wp-content\/uploads\/2025\/01\/maraispoitevin_randonnee_bouillecourdault_201-Personnalise-Personnalise.jpg\" data-srcset=\"https:\/\/www.campingambois.com\/wp-content\/uploads\/2025\/01\/maraispoitevin_randonnee_bouillecourdault_201-Personnalise-Personnalise.jpg 667w, https:\/\/www.campingambois.com\/wp-content\/uploads\/2025\/01\/maraispoitevin_randonnee_bouillecourdault_201-Personnalise-Personnalise-200x300.jpg 200w, https:\/\/www.campingambois.com\/wp-content\/uploads\/2025\/01\/maraispoitevin_randonnee_bouillecourdault_201-Personnalise-Personnalise-500x750.jpg 500w\" data-sizes=\"auto\" loading=\"eager\">\n\t\t<div class=\"vp-portfolio__item-overlay\">\n\t\t\t\t\t<\/div>\n\n\t\t<\/a>\t<\/div>\n<\/div>\n\n\t\t\t<\/figure>\n\t\t\t\t\t<\/div>\n\t\t\n\t\t<div\t\tclass=\"vp-portfolio__item-wrap vp-portfolio__item-uid-56e6920e\" data-vp-filter=\"\" \t\t>\n\t\t\t<template class=\"vp-portfolio__item-popup\" style=\"display: none\" data-vp-popup-img=\"https:\/\/www.campingambois.com\/wp-content\/uploads\/2025\/01\/Itinerance-Velo-Bouille-Courdault-21-Personnalise-Personnalise.jpg\" data-vp-popup-img-srcset=\"https:\/\/www.campingambois.com\/wp-content\/uploads\/2025\/01\/Itinerance-Velo-Bouille-Courdault-21-Personnalise-Personnalise.jpg 1000w, https:\/\/www.campingambois.com\/wp-content\/uploads\/2025\/01\/Itinerance-Velo-Bouille-Courdault-21-Personnalise-Personnalise-300x200.jpg 300w, https:\/\/www.campingambois.com\/wp-content\/uploads\/2025\/01\/Itinerance-Velo-Bouille-Courdault-21-Personnalise-Personnalise-768x512.jpg 768w, https:\/\/www.campingambois.com\/wp-content\/uploads\/2025\/01\/Itinerance-Velo-Bouille-Courdault-21-Personnalise-Personnalise-500x334.jpg 500w, https:\/\/www.campingambois.com\/wp-content\/uploads\/2025\/01\/Itinerance-Velo-Bouille-Courdault-21-Personnalise-Personnalise-800x534.jpg 800w\" data-vp-popup-img-size=\"1000x667\" data-vp-popup-md-img=\"https:\/\/www.campingambois.com\/wp-content\/uploads\/2025\/01\/Itinerance-Velo-Bouille-Courdault-21-Personnalise-Personnalise-800x534.jpg\" data-vp-popup-md-img-size=\"800x534\" data-vp-popup-sm-img=\"https:\/\/www.campingambois.com\/wp-content\/uploads\/2025\/01\/Itinerance-Velo-Bouille-Courdault-21-Personnalise-Personnalise-500x334.jpg\" data-vp-popup-sm-img-size=\"500x334\">\n\t<\/template>\n\t\t\t\t\t\t<figure class=\"vp-portfolio__item\">\n\t\t\t\t\n<div class=\"vp-portfolio__item-img-wrap\">\n\t<div class=\"vp-portfolio__item-img\">\n\t\t\t<a\n\t\thref=\"https:\/\/www.campingambois.com\/wp-content\/uploads\/2025\/01\/Itinerance-Velo-Bouille-Courdault-21-Personnalise-Personnalise.jpg\"\n\t\taria-label=\"Open image\" \t>\n\t\n\t\t<noscript><img loading=\"lazy\" decoding=\"async\" width=\"1000\" height=\"667\" data-skip-lazy src=\"https:\/\/www.campingambois.com\/wp-content\/uploads\/2025\/01\/Itinerance-Velo-Bouille-Courdault-21-Personnalise-Personnalise.jpg\" class=\"wp-image-575\" alt=\"the Marais Poitevin\" srcset=\"https:\/\/www.campingambois.com\/wp-content\/uploads\/2025\/01\/Itinerance-Velo-Bouille-Courdault-21-Personnalise-Personnalise.jpg 1000w, https:\/\/www.campingambois.com\/wp-content\/uploads\/2025\/01\/Itinerance-Velo-Bouille-Courdault-21-Personnalise-Personnalise-300x200.jpg 300w, https:\/\/www.campingambois.com\/wp-content\/uploads\/2025\/01\/Itinerance-Velo-Bouille-Courdault-21-Personnalise-Personnalise-768x512.jpg 768w, https:\/\/www.campingambois.com\/wp-content\/uploads\/2025\/01\/Itinerance-Velo-Bouille-Courdault-21-Personnalise-Personnalise-500x334.jpg 500w, https:\/\/www.campingambois.com\/wp-content\/uploads\/2025\/01\/Itinerance-Velo-Bouille-Courdault-21-Personnalise-Personnalise-800x534.jpg 800w\" sizes=\"auto, (max-width: 1000px) 100vw, 1000px\" \/><\/noscript><img decoding=\"async\" width=\"1000\" height=\"667\" src=\"https:\/\/www.campingambois.com\/wp-content\/uploads\/2025\/01\/Itinerance-Velo-Bouille-Courdault-21-Personnalise-Personnalise.jpg\" class=\"wp-image-575 vp-lazyload\" alt=\"the Marais Poitevin\" srcset=\"data:image\/svg+xml;base64,PHN2ZyB3aWR0aD0iMTAwMCIgaGVpZ2h0PSI2NjciIHZpZXdCb3g9IjAgMCAxMDAwIDY2NyIgZmlsbD0ibm9uZSIgeG1sbnM9Imh0dHA6Ly93d3cudzMub3JnLzIwMDAvc3ZnIj48L3N2Zz4=\" data-src=\"https:\/\/www.campingambois.com\/wp-content\/uploads\/2025\/01\/Itinerance-Velo-Bouille-Courdault-21-Personnalise-Personnalise.jpg\" data-srcset=\"https:\/\/www.campingambois.com\/wp-content\/uploads\/2025\/01\/Itinerance-Velo-Bouille-Courdault-21-Personnalise-Personnalise.jpg 1000w, https:\/\/www.campingambois.com\/wp-content\/uploads\/2025\/01\/Itinerance-Velo-Bouille-Courdault-21-Personnalise-Personnalise-300x200.jpg 300w, https:\/\/www.campingambois.com\/wp-content\/uploads\/2025\/01\/Itinerance-Velo-Bouille-Courdault-21-Personnalise-Personnalise-768x512.jpg 768w, https:\/\/www.campingambois.com\/wp-content\/uploads\/2025\/01\/Itinerance-Velo-Bouille-Courdault-21-Personnalise-Personnalise-500x334.jpg 500w, https:\/\/www.campingambois.com\/wp-content\/uploads\/2025\/01\/Itinerance-Velo-Bouille-Courdault-21-Personnalise-Personnalise-800x534.jpg 800w\" data-sizes=\"auto\" loading=\"eager\">\n\t\t<div class=\"vp-portfolio__item-overlay\">\n\t\t\t\t\t<\/div>\n\n\t\t<\/a>\t<\/div>\n<\/div>\n\n\t\t\t<\/figure>\n\t\t\t\t\t<\/div>\n\t\t\n<\/div>\n\t\t<\/div>\n\t\t\n<\/div>\n<\/div>","protected":false},"excerpt":{"rendered":"<p>Le Marais Poitevin, surnomm\u00e9 la \u00ab\u00a0Venise Verte\u00a0\u00bb, est un territoire naturel exceptionnel, class\u00e9 parc naturel r\u00e9gional, situ\u00e9 entre la Vend\u00e9e et les Deux-S\u00e8vres. Ce r\u00e9seau de canaux bord\u00e9s de v\u00e9g\u00e9tation luxuriante offre un cadre idyllique pour les amoureux de la nature. Les visiteurs peuvent explorer les marais \u00e0 pied, \u00e0 v\u00e9lo ou en barque traditionnelle, [&hellip;]<\/p>\n","protected":false},"author":1,"featured_media":1271,"parent":737,"menu_order":0,"comment_status":"closed","ping_status":"closed","template":"","meta":{"_acf_changed":false,"_seopress_robots_primary_cat":"","_seopress_titles_title":"Dans le Sud Vend\u00e9e, le Marais Poitevin vous attend","_seopress_titles_desc":"Venez vous balader \u00e0 pied ou \u00e0 v\u00e9lo et d\u00e9couvrez ce magnifique endroit verdoyant. Vous pourrez aussi tester la Venise Verte !","_seopress_robots_index":"","_vp_format_video_url":"","_vp_image_focal_point":[],"footnotes":""},"class_list":["post-511","page","type-page","status-publish","has-post-thumbnail","hentry"],"acf":[],"_links":{"self":[{"href":"https:\/\/www.campingambois.com\/en\/wp-json\/wp\/v2\/pages\/511","targetHints":{"allow":["GET"]}}],"collection":[{"href":"https:\/\/www.campingambois.com\/en\/wp-json\/wp\/v2\/pages"}],"about":[{"href":"https:\/\/www.campingambois.com\/en\/wp-json\/wp\/v2\/types\/page"}],"author":[{"embeddable":true,"href":"https:\/\/www.campingambois.com\/en\/wp-json\/wp\/v2\/users\/1"}],"replies":[{"embeddable":true,"href":"https:\/\/www.campingambois.com\/en\/wp-json\/wp\/v2\/comments?post=511"}],"version-history":[{"count":9,"href":"https:\/\/www.campingambois.com\/en\/wp-json\/wp\/v2\/pages\/511\/revisions"}],"predecessor-version":[{"id":16417,"href":"https:\/\/www.campingambois.com\/en\/wp-json\/wp\/v2\/pages\/511\/revisions\/16417"}],"up":[{"embeddable":true,"href":"https:\/\/www.campingambois.com\/en\/wp-json\/wp\/v2\/pages\/737"}],"wp:featuredmedia":[{"embeddable":true,"href":"https:\/\/www.campingambois.com\/en\/wp-json\/wp\/v2\/media\/1271"}],"wp:attachment":[{"href":"https:\/\/www.campingambois.com\/en\/wp-json\/wp\/v2\/media?parent=511"}],"curies":[{"name":"wp","href":"https:\/\/api.w.org\/{rel}","templated":true}]}}