{"id":212,"date":"2024-12-19T11:36:12","date_gmt":"2024-12-19T10:36:12","guid":{"rendered":"https:\/\/www.campingambois.com\/?page_id=212"},"modified":"2025-03-31T10:08:04","modified_gmt":"2025-03-31T08:08:04","slug":"access-contact","status":"publish","type":"page","link":"https:\/\/www.campingambois.com\/en\/acces-contact\/","title":{"rendered":"Access &amp; contact"},"content":{"rendered":"<div class=\"wp-block-stackable-heading stk-block-heading stk-block-heading--v2 stk-block stk-9133cda\" id=\"contactez-nous\" data-block-id=\"9133cda\"><style>.stk-9133cda .stk-block-heading__text{color:var(--stk-global-color-67249, #597627) !important;}<\/style><h2 class=\"stk-block-heading__text has-text-color has-text-align-center\">Contact us<\/h2><\/div>\n\n\n\n<div class=\"wp-block-stackable-columns stk-block-columns stk-block stk-df7423f\" data-block-id=\"df7423f\"><style>.stk-df7423f .stk--block-align-df7423f{align-items:center !important;}.stk-df7423f {margin-bottom:40px !important;}<\/style><div class=\"stk-row stk-inner-blocks stk--block-align-df7423f stk-block-content stk-content-align stk-df7423f-column\">\n<div class=\"wp-block-stackable-column stk-block-column stk-column stk-block stk-b9ec28a\" data-v=\"4\" data-block-id=\"b9ec28a\"><div class=\"stk-column-wrapper stk-block-column__content stk-container stk-b9ec28a-container stk--no-background stk--no-padding\"><div class=\"stk-block-content stk-inner-blocks stk-b9ec28a-inner-blocks\">\n<div class=\"wp-block-stackable-image stk-block-image stk-block stk-43f79e5 stk-entrance\" data-block-id=\"43f79e5\"><style>.stk-43f79e5 {--entrance-transform:translateY(-102px) !important;--entrance-delay:0.1s !important;}.stk-43f79e5 .stk-img-wrapper{width:200px !important;}<\/style><figure><span class=\"stk-img-wrapper stk-image--shape-stretch\"><img loading=\"lazy\" decoding=\"async\" class=\"stk-img wp-image-16786\" src=\"https:\/\/www.campingambois.com\/wp-content\/uploads\/2025\/03\/Logo-Ambois-2025-Vf.png\" width=\"526\" height=\"450\" alt=\"logo camping ambois\" srcset=\"https:\/\/www.campingambois.com\/wp-content\/uploads\/2025\/03\/Logo-Ambois-2025-Vf.png 526w, https:\/\/www.campingambois.com\/wp-content\/uploads\/2025\/03\/Logo-Ambois-2025-Vf-300x257.png 300w, https:\/\/www.campingambois.com\/wp-content\/uploads\/2025\/03\/Logo-Ambois-2025-Vf-14x12.png 14w, https:\/\/www.campingambois.com\/wp-content\/uploads\/2025\/03\/Logo-Ambois-2025-Vf-500x428.png 500w\" sizes=\"auto, (max-width: 526px) 100vw, 526px\" \/><\/span><\/figure><\/div>\n\n\n\n<div class=\"wp-block-stackable-text stk-block-text stk-block stk-af41940\" data-block-id=\"af41940\"><p class=\"stk-block-text__text has-text-align-center\">7 lieu-dit Ambois<br>85000 Mouilleron Le Captif<br>VENDEE<\/p><\/div>\n\n\n\n<div class=\"wp-block-stackable-text stk-block-text stk-block stk-7b88511\" data-block-id=\"7b88511\"><p class=\"stk-block-text__text has-text-align-center\"><strong>Tel:<\/strong> <a href=\"tel:0251372915\">02 51 37 29 15<\/a><br><strong>Email<\/strong> : <a href=\"mailto:contact@campingambois.com\">contact@campingambois.com<\/a><\/p><\/div>\n<\/div><\/div><\/div>\n\n\n\n<div class=\"wp-block-stackable-column stk-block-column stk-column stk-block stk-22da197\" data-v=\"4\" data-block-id=\"22da197\"><div class=\"stk-column-wrapper stk-block-column__content stk-container stk-22da197-container stk--no-background stk--no-padding\"><div class=\"stk-block-content stk-inner-blocks stk-22da197-inner-blocks\"><p data-block-type=\"core\"><div class='fluentform ff-default fluentform_wrapper_4 ffs_default_wrap'><form data-form_id=\"4\" id=\"fluentform_4\" class=\"frm-fluent-form fluent_form_4 ff-el-form-top ff_form_instance_4_1 ff-form-loading ff_has_v3_recptcha ffs_default\" data-form_instance=\"ff_form_instance_4_1\" method=\"POST\" data-recptcha_key=\"6LfVRZ4qAAAAAE-U2SMCnzKucKo_AIPyK3EdyCEy\" action=\"\" ><fieldset  style=\"border: none!important;margin: 0!important;padding: 0!important;background-color: transparent!important;box-shadow: none!important;outline: none!important; min-inline-size: 100%;\">\n                    <legend class=\"ff_screen_reader_title\" style=\"display: block; margin: 0!important;padding: 0!important;height: 0!important;text-indent: -999999px;width: 0!important;overflow:hidden;\">Contact form<\/legend><input type='hidden' name='__fluent_form_embded_post_id' value='212' \/><input type=\"hidden\" id=\"_fluentform_4_fluentformnonce\" name=\"_fluentform_4_fluentformnonce\" value=\"3890fd6395\" \/><input type=\"hidden\" name=\"_wp_http_referer\" value=\"\/en\/wp-json\/wp\/v2\/pages\/212\" \/><div data-name=\"ff_cn_id_1\"  class='ff-t-container ff-column-container ff_columns_total_2'><div class='ff-t-cell ff-t-column-1' style='flex-basis: 50%;'><div class='ff-el-group'><div class=\"ff-el-input--label ff-el-is-required asterisk-right\"><label for='ff_4_nom' id='label_ff_4_nom' aria-label=\"Name\">Name<\/label><\/div><div class='ff-el-input--content'><input type=\"text\" name=\"nom\" class=\"ff-el-form-control\" data-name=\"nom\" id=\"ff_4_nom\"  aria-invalid=\"false\" aria-required=\"true\"><\/div><\/div><\/div><div class='ff-t-cell ff-t-column-2' style='flex-basis: 50%;'><div class='ff-el-group'><div class=\"ff-el-input--label asterisk-right\"><label for='ff_4_prenom' id='label_ff_4_prenom' aria-label=\"First name\">First name<\/label><\/div><div class='ff-el-input--content'><input type=\"text\" name=\"prenom\" class=\"ff-el-form-control\" data-name=\"prenom\" id=\"ff_4_prenom\"  aria-invalid=\"false\" aria-required=\"false\"><\/div><\/div><\/div><\/div><div data-name=\"ff_cn_id_2\"  class='ff-t-container ff-column-container ff_columns_total_2'><div class='ff-t-cell ff-t-column-1' style='flex-basis: 50%;'><div class='ff-el-group'><div class=\"ff-el-input--label ff-el-is-required asterisk-right\"><label for='ff_4_email' id='label_ff_4_email' aria-label=\"E-mail\">E-mail<\/label><\/div><div class='ff-el-input--content'><input type=\"email\" name=\"email\" id=\"ff_4_email\" class=\"ff-el-form-control\" data-name=\"email\"  aria-invalid=\"false\" aria-required=\"true\"><\/div><\/div><\/div><div class='ff-t-cell ff-t-column-2' style='flex-basis: 50%;'><div class='ff-el-group'><div class=\"ff-el-input--label asterisk-right\"><label for='ff_4_phone' id='label_ff_4_phone' aria-label=\"Telephone\">Telephone<\/label><\/div><div class='ff-el-input--content'><input type=\"text\" name=\"phone\" class=\"ff-el-form-control\" data-name=\"phone\" id=\"ff_4_phone\"  aria-invalid=\"false\" aria-required=\"false\"><\/div><\/div><\/div><\/div><div data-name=\"ff_cn_id_3\"  class='ff-t-container ff-column-container ff_columns_total_1'><div class='ff-t-cell ff-t-column-1' style='flex-basis: 100%;'><div class='ff-el-group'><div class=\"ff-el-input--label asterisk-right\"><label for='ff_4_adresse' id='label_ff_4_adresse' aria-label=\"Address\">Address<\/label><\/div><div class='ff-el-input--content'><input type=\"text\" name=\"adresse\" class=\"ff-el-form-control\" data-name=\"adresse\" id=\"ff_4_adresse\"  aria-invalid=\"false\" aria-required=\"false\"><\/div><\/div><\/div><\/div><div data-name=\"ff_cn_id_4\"  class='ff-t-container ff-column-container ff_columns_total_2'><div class='ff-t-cell ff-t-column-1' style='flex-basis: 50%;'><div class='ff-el-group'><div class=\"ff-el-input--label asterisk-right\"><label for='ff_4_code_postal' id='label_ff_4_code_postal' aria-label=\"Postcode\">Postcode<\/label><\/div><div class='ff-el-input--content'><input type=\"text\" name=\"code_postal\" class=\"ff-el-form-control\" data-name=\"code_postal\" id=\"ff_4_code_postal\"  aria-invalid=\"false\" aria-required=\"false\"><\/div><\/div><\/div><div class='ff-t-cell ff-t-column-2' style='flex-basis: 50%;'><div class='ff-el-group'><div class=\"ff-el-input--label asterisk-right\"><label for='ff_4_ville' id='label_ff_4_ville' aria-label=\"City\">City<\/label><\/div><div class='ff-el-input--content'><input type=\"text\" name=\"ville\" class=\"ff-el-form-control\" data-name=\"ville\" id=\"ff_4_ville\"  aria-invalid=\"false\" aria-required=\"false\"><\/div><\/div><\/div><\/div><div data-name=\"ff_cn_id_5\"  class='ff-t-container ff-column-container ff_columns_total_1'><div class='ff-t-cell ff-t-column-1' style='flex-basis: 100%;'><div class='ff-el-group'><div class=\"ff-el-input--label ff-el-is-required asterisk-right\"><label for='ff_4_message' id='label_ff_4_message' aria-label=\"Message\">Message<\/label><\/div><div class='ff-el-input--content'><textarea aria-required=\"true\" aria-labelledby=\"label_ff_4_message\" name=\"message\" id=\"ff_4_message\" class=\"ff-el-form-control\" rows=\"3\" cols=\"2\" data-name=\"message\" ><\/textarea><\/div><\/div><\/div><\/div><div class='ff-el-group'><div class=\"ff-el-input--label ff-el-is-required asterisk-right\"><label   aria-label=\"By submitting this form, I agree that the information entered may be used for the purposes of the information request and the commercial relationship that may result from it.\">By submitting this form, I agree that the information entered may be used for the purposes of the information request and the commercial relationship that may result from it.<\/label><\/div><div class='ff-el-input--content'><div class='ff-el-form-check ff-el-form-check-'><label class='ff-el-form-check-label' for='checkbox_3981ab3b56c500492b239232db468415'><input  type=\"checkbox\" name=\"checkbox[]\" data-name=\"checkbox\" class=\"ff-el-form-check-input ff-el-form-check-checkbox\" value=\"J&#039;accepte\"  id='checkbox_3981ab3b56c500492b239232db468415' aria-label='I accept' aria-invalid='false' aria-required=\"true\"> <span>I accept<\/span><\/label><\/div><\/div><\/div><div class='ff-el-group ff-text-center ff_submit_btn_wrapper'><button type=\"submit\" class=\"ff-btn ff-btn-submit ff-btn-md ff_btn_style\"  aria-label=\"Send\">Send<\/button><\/div><\/fieldset><input type=\"hidden\" name=\"trp-form-language\" value=\"en\"\/><\/form><div id='fluentform_4_errors' class='ff-errors-in-stack ff_form_instance_4_1 ff-form-loading_errors ff_form_instance_4_1_errors'><\/div><\/div>            <script type=\"text\/javascript\">\n                window.fluent_form_ff_form_instance_4_1 = {\"id\":\"4\",\"ajaxUrl\":\"https:\\\/\\\/www.campingambois.com\\\/wp-admin\\\/admin-ajax.php\",\"settings\":{\"layout\":{\"labelPlacement\":\"top\",\"helpMessagePlacement\":\"with_label\",\"errorMessagePlacement\":\"inline\",\"cssClassName\":\"\",\"asteriskPlacement\":\"asterisk-right\"},\"restrictions\":{\"denyEmptySubmission\":{\"enabled\":false}}},\"form_instance\":\"ff_form_instance_4_1\",\"form_id_selector\":\"fluentform_4\",\"rules\":{\"nom\":{\"required\":{\"value\":true,\"message\":\"This field is required\",\"global_message\":\"Ce champ est obligatoire\",\"global\":true}},\"prenom\":{\"required\":{\"value\":false,\"message\":\"This field is required\",\"global_message\":\"Ce champ est obligatoire\",\"global\":true}},\"email\":{\"required\":{\"value\":true,\"message\":\"This field is required\",\"global_message\":\"Ce champ est obligatoire\",\"global\":true},\"email\":{\"value\":true,\"message\":\"This field must contain a valid email\",\"global_message\":\"Ce champ doit contenir un e-mail valide\",\"global\":true}},\"phone\":{\"required\":{\"value\":false,\"message\":\"This field is required\",\"global_message\":\"Ce champ est obligatoire\",\"global\":true}},\"adresse\":{\"required\":{\"value\":false,\"message\":\"This field is required\",\"global_message\":\"Ce champ est obligatoire\",\"global\":true}},\"code_postal\":{\"required\":{\"value\":false,\"message\":\"This field is required\",\"global_message\":\"Ce champ est obligatoire\",\"global\":true}},\"ville\":{\"required\":{\"value\":false,\"message\":\"This field is required\",\"global_message\":\"Ce champ est obligatoire\",\"global\":true}},\"message\":{\"required\":{\"value\":true,\"message\":\"This field is required\",\"global_message\":\"Ce champ est obligatoire\",\"global\":true}},\"checkbox\":{\"required\":{\"value\":true,\"message\":\"This field is required\",\"global_message\":\"Ce champ est obligatoire\",\"global\":true}},\"g-recaptcha-response\":[]},\"debounce_time\":300};\n                            <\/script>\n            <\/p>\n<\/div><\/div><\/div>\n<\/div><\/div>\n\n\n\n<div class=\"wp-block-stackable-divider stk-block-divider stk-block stk-65ea8bb is-style-dots\" data-block-id=\"65ea8bb\"><style>.stk-65ea8bb .stk-block-divider__dot{background:var(--stk-global-color-55806, #ebefe5) !important;}.stk-65ea8bb {margin-bottom:60px !important;}<\/style><div class=\"stk-block-divider__dots\" aria-hidden=\"true\"><div class=\"stk-block-divider__dot\"><\/div><div class=\"stk-block-divider__dot\"><\/div><div class=\"stk-block-divider__dot\"><\/div><\/div><\/div>\n\n\n\n<div class=\"wp-block-stackable-heading stk-block-heading stk-block-heading--v2 stk-block stk-d92a34b\" id=\"notre-situation\" data-block-id=\"d92a34b\"><style>.stk-d92a34b .stk-block-heading__text{color:var(--stk-global-color-67249, #597627) !important;}<\/style><h2 class=\"stk-block-heading__text has-text-color has-text-align-center\">Our situation<\/h2><\/div>\n\n\n\n<div class=\"wp-block-stackable-columns stk-block-columns stk-block stk-785143f\" data-block-id=\"785143f\"><style>.stk-785143f .stk--block-align-785143f{align-items:center !important;}.stk-785143f {margin-bottom:40px !important;}@media screen and (max-width: 767px){.stk-785143f {--stk-col-order-1:2 !important;--stk-col-order-2:1 !important;}}<\/style><div class=\"stk-row stk-inner-blocks stk--block-align-785143f stk-block-content stk-content-align stk-785143f-column\">\n<div class=\"wp-block-stackable-column stk-block-column stk-column stk-block stk-24c7d99 stk-entrance\" data-v=\"4\" data-block-id=\"24c7d99\"><style>.stk-24c7d99 {--entrance-transform:translateX(-118px) !important;--entrance-delay:0.1s !important;}<\/style><div class=\"stk-column-wrapper stk-block-column__content stk-container stk-24c7d99-container stk--no-background stk--no-padding\"><div class=\"stk-block-content stk-inner-blocks stk-24c7d99-inner-blocks\">\n<iframe src=\"https:\/\/www.google.com\/maps\/embed?pb=!1m18!1m12!1m3!1d289312.40885118995!2d-1.7948063491685307!3d46.65520888533415!2m3!1f0!2f0!3f0!3m2!1i1024!2i768!4f13.1!3m3!1m2!1s0x4804303209d9f5df%3A0xb384c889106c9321!2sCamping%20l&#39;Ambois!5e1!3m2!1sfr!2sfr!4v1734604238580!5m2!1sfr!2sfr\" width=\"100%\" height=\"600\" style=\"border:0;\" allowfullscreen=\"\" loading=\"lazy\" referrerpolicy=\"no-referrer-when-downgrade\"><\/iframe>\n<\/div><\/div><\/div>\n\n\n\n<div class=\"wp-block-stackable-column stk-block-column stk-column stk-block stk-f0f6b19\" data-v=\"4\" data-block-id=\"f0f6b19\"><div class=\"stk-column-wrapper stk-block-column__content stk-container stk-f0f6b19-container stk--no-background stk--no-padding\"><div class=\"stk-block-content stk-inner-blocks stk-f0f6b19-inner-blocks\">\n<div class=\"wp-block-stackable-text stk-block-text stk-block stk-fd26a70\" data-block-id=\"fd26a70\"><style>.stk-fd26a70 {margin-bottom:10px !important;}<\/style><p class=\"stk-block-text__text\"><strong>By road :<br><\/strong>At La Roche sur Yon, follow signs for \"Aizenay - Noirmoutier\" D 948Camping de l'Ambois \u00e0 Mouilleron le Captif<br>Take the 2nd exit \"Le Vigneau\" and continue for 800 metres. The campsite is on your right.<\/p><\/div>\n\n\n\n<div class=\"wp-block-stackable-text stk-block-text stk-block stk-a0c886a\" data-block-id=\"a0c886a\"><style>.stk-a0c886a {margin-bottom:10px !important;}<\/style><p class=\"stk-block-text__text\"><strong>Railway station :<br><\/strong>La Roche sur Yon (5 minutes by car)<\/p><\/div>\n\n\n\n<div class=\"wp-block-stackable-text stk-block-text stk-block stk-a6e68e8\" data-block-id=\"a6e68e8\"><p class=\"stk-block-text__text\"><strong>Airport :<br><\/strong>Nantes Atlantique (1 hour by car)<\/p><\/div>\n<\/div><\/div><\/div>\n<\/div><\/div>\n\n\n\n<p data-block-type=\"core\"><\/p>","protected":false},"excerpt":{"rendered":"<p>Contactez-nous 7 lieu-dit Ambois85000 Mouilleron Le CaptifVENDEE T\u00e9l : 02 51 37 29 15Email : contact@campingambois.com Notre situation Par la route :A la Roche sur Yon, Suivre la direction \u00ab Aizenay \u2013 Noirmoutier \u00bb D 948Camping de l&rsquo;Ambois \u00e0 Mouilleron le CaptifSortir \u00e0 la 2\u00e8me sortie \u00ab Le Vigneau \u00bb et continuer sur 800 m\u00e8tres. [&hellip;]<\/p>\n","protected":false},"author":1,"featured_media":70,"parent":0,"menu_order":0,"comment_status":"closed","ping_status":"closed","template":"","meta":{"_acf_changed":false,"_seopress_robots_primary_cat":"","_seopress_titles_title":"Acc\u00e9dez au camping l'Ambois","_seopress_titles_desc":"Pour toute demande, contactez l'\u00e9quipe du camping l'Ambois, et d\u00e9couvrez ici comment y venir pour les vacances.","_seopress_robots_index":"","_vp_format_video_url":"","_vp_image_focal_point":[],"footnotes":""},"class_list":["post-212","page","type-page","status-publish","has-post-thumbnail","hentry"],"acf":[],"_links":{"self":[{"href":"https:\/\/www.campingambois.com\/en\/wp-json\/wp\/v2\/pages\/212","targetHints":{"allow":["GET"]}}],"collection":[{"href":"https:\/\/www.campingambois.com\/en\/wp-json\/wp\/v2\/pages"}],"about":[{"href":"https:\/\/www.campingambois.com\/en\/wp-json\/wp\/v2\/types\/page"}],"author":[{"embeddable":true,"href":"https:\/\/www.campingambois.com\/en\/wp-json\/wp\/v2\/users\/1"}],"replies":[{"embeddable":true,"href":"https:\/\/www.campingambois.com\/en\/wp-json\/wp\/v2\/comments?post=212"}],"version-history":[{"count":12,"href":"https:\/\/www.campingambois.com\/en\/wp-json\/wp\/v2\/pages\/212\/revisions"}],"predecessor-version":[{"id":16794,"href":"https:\/\/www.campingambois.com\/en\/wp-json\/wp\/v2\/pages\/212\/revisions\/16794"}],"wp:featuredmedia":[{"embeddable":true,"href":"https:\/\/www.campingambois.com\/en\/wp-json\/wp\/v2\/media\/70"}],"wp:attachment":[{"href":"https:\/\/www.campingambois.com\/en\/wp-json\/wp\/v2\/media?parent=212"}],"curies":[{"name":"wp","href":"https:\/\/api.w.org\/{rel}","templated":true}]}}