{"id":17583,"date":"2026-04-21T14:31:20","date_gmt":"2026-04-21T12:31:20","guid":{"rendered":"https:\/\/www.campingambois.com\/?page_id=17583"},"modified":"2026-04-21T14:31:21","modified_gmt":"2026-04-21T12:31:21","slug":"mini-guides-dexperiences","status":"publish","type":"page","link":"https:\/\/www.campingambois.com\/en\/mini-guides-dexperiences\/","title":{"rendered":"Mini Experiment Guides"},"content":{"rendered":"<div class=\"wp-block-query has-global-padding is-layout-constrained wp-block-query-is-layout-constrained\" data-block-type=\"core\"><ul class=\"wp-block-post-template is-layout-flow wp-block-post-template-is-layout-flow\" data-block-type=\"core\"><li class=\"wp-block-post post-17565 post type-post status-publish format-standard has-post-thumbnail hentry category-uncategorized\">\n<h2 class=\"wp-block-post-title\" data-block-type=\"core\"><a href=\"https:\/\/www.campingambois.com\/en\/2026\/04\/21\/top-5-des-activites-a-faire-en-vendee\/\" target=\"_self\" >Top 5 things to do in Vend\u00e9e<\/a><\/h2>\n\n<figure class=\"alignwide wp-block-post-featured-image\" data-block-type=\"core\"><a href=\"https:\/\/www.campingambois.com\/en\/2026\/04\/21\/top-5-des-activites-a-faire-en-vendee\/\" target=\"_self\"  ><img loading=\"lazy\" decoding=\"async\" width=\"1000\" height=\"667\" src=\"https:\/\/www.campingambois.com\/wp-content\/uploads\/2026\/04\/maraispoitevin_embarcadere_lemazeau_089-Personnalise-Personnalise_resultat.webp\" class=\"attachment-post-thumbnail size-post-thumbnail wp-post-image\" alt=\"Top 5 things to do in Vend\u00e9e\" style=\"object-fit:cover;\" srcset=\"https:\/\/www.campingambois.com\/wp-content\/uploads\/2026\/04\/maraispoitevin_embarcadere_lemazeau_089-Personnalise-Personnalise_resultat.webp 1000w, https:\/\/www.campingambois.com\/wp-content\/uploads\/2026\/04\/maraispoitevin_embarcadere_lemazeau_089-Personnalise-Personnalise_resultat-300x200.webp 300w, https:\/\/www.campingambois.com\/wp-content\/uploads\/2026\/04\/maraispoitevin_embarcadere_lemazeau_089-Personnalise-Personnalise_resultat-768x512.webp 768w, https:\/\/www.campingambois.com\/wp-content\/uploads\/2026\/04\/maraispoitevin_embarcadere_lemazeau_089-Personnalise-Personnalise_resultat-18x12.webp 18w, https:\/\/www.campingambois.com\/wp-content\/uploads\/2026\/04\/maraispoitevin_embarcadere_lemazeau_089-Personnalise-Personnalise_resultat-500x334.webp 500w, https:\/\/www.campingambois.com\/wp-content\/uploads\/2026\/04\/maraispoitevin_embarcadere_lemazeau_089-Personnalise-Personnalise_resultat-800x534.webp 800w\" sizes=\"auto, (max-width: 1000px) 100vw, 1000px\" \/><\/a><\/figure>\n\n<div class=\"wp-block-post-excerpt\" data-block-type=\"core\"><p class=\"wp-block-post-excerpt__excerpt\">La Vend\u00e9e est bien plus qu&rsquo;une simple destination baln\u00e9aire ; c&rsquo;est une terre de contrastes saisissants, capable d&rsquo;offrir des sensations fortes au Puy du Fou comme une s\u00e9r\u00e9nit\u00e9 absolue au c\u0153ur des canaux du Marais Poitevin. Pour les vacanciers s\u00e9journant au c\u0153ur du d\u00e9partement, la diversit\u00e9 des paysages environnants offre un terrain de jeu infini,&hellip; <\/p><\/div>\n\n\n<hr class=\"wp-block-separator has-css-opacity\">\n\n\n<div class=\"wp-block-post-date\" data-block-type=\"core\"><time datetime=\"2026-04-21T14:03:41+02:00\">April 21, 2026<\/time><\/div>\n<\/li><\/ul><\/div>","protected":false},"excerpt":{"rendered":"","protected":false},"author":1,"featured_media":0,"parent":0,"menu_order":0,"comment_status":"closed","ping_status":"closed","template":"","meta":{"_acf_changed":false,"_seopress_robots_primary_cat":"","_seopress_titles_title":"Mini-Guides en Vend\u00e9e - Camping L'Ambois","_seopress_titles_desc":"Pr\u00e9parez votre s\u00e9jour id\u00e9al au Camping L'Ambois \u00e0 La Roche Sur Yon. Nature, d\u00e9tente, activit\u00e9s : vivez le meilleur de la Vend\u00e9e.","_seopress_robots_index":"","_vp_format_video_url":"","_vp_image_focal_point":[],"footnotes":""},"class_list":["post-17583","page","type-page","status-publish","hentry"],"acf":[],"_links":{"self":[{"href":"https:\/\/www.campingambois.com\/en\/wp-json\/wp\/v2\/pages\/17583","targetHints":{"allow":["GET"]}}],"collection":[{"href":"https:\/\/www.campingambois.com\/en\/wp-json\/wp\/v2\/pages"}],"about":[{"href":"https:\/\/www.campingambois.com\/en\/wp-json\/wp\/v2\/types\/page"}],"author":[{"embeddable":true,"href":"https:\/\/www.campingambois.com\/en\/wp-json\/wp\/v2\/users\/1"}],"replies":[{"embeddable":true,"href":"https:\/\/www.campingambois.com\/en\/wp-json\/wp\/v2\/comments?post=17583"}],"version-history":[{"count":1,"href":"https:\/\/www.campingambois.com\/en\/wp-json\/wp\/v2\/pages\/17583\/revisions"}],"predecessor-version":[{"id":17586,"href":"https:\/\/www.campingambois.com\/en\/wp-json\/wp\/v2\/pages\/17583\/revisions\/17586"}],"wp:attachment":[{"href":"https:\/\/www.campingambois.com\/en\/wp-json\/wp\/v2\/media?parent=17583"}],"curies":[{"name":"wp","href":"https:\/\/api.w.org\/{rel}","templated":true}]}}