{"id":1151,"date":"2025-01-15T10:14:53","date_gmt":"2025-01-15T09:14:53","guid":{"rendered":"https:\/\/www.campingambois.com\/?page_id=1151"},"modified":"2026-01-16T12:07:15","modified_gmt":"2026-01-16T11:07:15","slug":"childrens-paradise","status":"publish","type":"page","link":"https:\/\/www.campingambois.com\/en\/paradis-enfants\/","title":{"rendered":"Children's paradise"},"content":{"rendered":"<div class=\"wp-block-stackable-columns stk-block-columns stk-block stk-96d73a7\" data-block-id=\"96d73a7\"><div class=\"stk-row stk-inner-blocks stk-block-content stk-content-align stk-96d73a7-column\">\n<div class=\"wp-block-stackable-column stk-block-column stk-column stk-block stk-b0a4ca4\" data-v=\"4\" data-block-id=\"b0a4ca4\"><div class=\"stk-column-wrapper stk-block-column__content stk-container stk-b0a4ca4-container stk--no-background stk--no-padding\"><div class=\"stk-block-content stk-inner-blocks stk-b0a4ca4-inner-blocks\">\n<div class=\"wp-block-stackable-image-box stk-block-image-box stk-hover-parent stk-block stk-c16537f is-style-line\" data-block-id=\"c16537f\"><style>.stk-c16537f {border-top-left-radius:10px !important;border-top-right-radius:10px !important;border-bottom-right-radius:10px !important;border-bottom-left-radius:10px !important;overflow:hidden !important;}<\/style><div class=\"stk-block-content stk-inner-blocks has-text-align-center stk-row stk-block-image-box__content\">\n<div class=\"wp-block-stackable-image stk-block-image stk-block stk-b9da356\" data-block-id=\"b9da356\"><style>.stk-b9da356 .stk-img-wrapper{height:350px !important;}.stk-b9da356 .stk-img-wrapper img{object-position:26% 45% !important;}:where(.stk-hover-parent:hover,  .stk-hover-parent.stk--is-hovered) .stk-b9da356 .stk-img-wrapper::after{background-color:var(--stk-global-color-95148, #3c5018) !important;}:where(.stk-hover-parent:hover,  .stk-hover-parent.stk--is-hovered) .stk-b9da356 .stk-img-wrapper{--stk-gradient-overlay:0.5 !important;}<\/style><figure><span class=\"stk-img-wrapper stk-image--shape-stretch\"><img loading=\"lazy\" decoding=\"async\" class=\"stk-img wp-image-17274\" src=\"https:\/\/www.campingambois.com\/wp-content\/uploads\/2026\/01\/IMG-20250721-WA0021.jpg\" width=\"1600\" height=\"1201\" alt=\"ideal campsite for families in vend\u00e9e\" srcset=\"https:\/\/www.campingambois.com\/wp-content\/uploads\/2026\/01\/IMG-20250721-WA0021.jpg 1600w, https:\/\/www.campingambois.com\/wp-content\/uploads\/2026\/01\/IMG-20250721-WA0021-300x225.jpg 300w, https:\/\/www.campingambois.com\/wp-content\/uploads\/2026\/01\/IMG-20250721-WA0021-1024x769.jpg 1024w, https:\/\/www.campingambois.com\/wp-content\/uploads\/2026\/01\/IMG-20250721-WA0021-768x576.jpg 768w, https:\/\/www.campingambois.com\/wp-content\/uploads\/2026\/01\/IMG-20250721-WA0021-1536x1153.jpg 1536w, https:\/\/www.campingambois.com\/wp-content\/uploads\/2026\/01\/IMG-20250721-WA0021-16x12.jpg 16w, https:\/\/www.campingambois.com\/wp-content\/uploads\/2026\/01\/IMG-20250721-WA0021-500x375.jpg 500w, https:\/\/www.campingambois.com\/wp-content\/uploads\/2026\/01\/IMG-20250721-WA0021-800x601.jpg 800w, https:\/\/www.campingambois.com\/wp-content\/uploads\/2026\/01\/IMG-20250721-WA0021-1280x961.jpg 1280w\" sizes=\"auto, (max-width: 1600px) 100vw, 1600px\" \/><\/span><\/figure><\/div>\n\n\n\n<div class=\"wp-block-stackable-column stk-block-column stk-column stk-block stk-0e75003\" data-v=\"4\" data-block-id=\"0e75003\"><style>.stk-0e75003-container{margin-top:0px !important;margin-right:0px !important;margin-bottom:0px !important;margin-left:0px !important;background-color:#3c4f1854 !important;display:flex !important;}.stk-0e75003-container:before{background-color:#3c4f1854 !important;}.stk-0e75003-inner-blocks{justify-content:center !important;}<\/style><div class=\"stk-column-wrapper stk-block-column__content stk-container stk-0e75003-container stk-hover-parent\"><div class=\"stk-block-content stk-inner-blocks stk-0e75003-inner-blocks\">\n<div class=\"wp-block-stackable-heading stk-block-heading stk-block-heading--v2 stk-block stk-0312329\" id=\"zone-de-loisirs\" data-block-id=\"0312329\"><style>.stk-0312329 .stk-block-heading__bottom-line{height:2px !important;width:0px !important;background-color:#FFFFFF !important;margin-top:16px !important;margin-left:auto !important;margin-right:auto !important;}:where(.stk-hover-parent:hover,  .stk-hover-parent.stk--is-hovered) .stk-0312329 .stk-block-heading__bottom-line{width:80% !important;}.stk-0312329 .stk-block-heading__text{font-size:28px !important;color:#FFFFFF !important;}@media screen and (max-width: 1023px){.stk-0312329 .stk-block-heading__text{font-size:28px !important;}}<\/style><h4 class=\"stk-block-heading__text has-text-color has-white-color\">Leisure area<\/h4><div class=\"stk-block-heading__bottom-line\"><\/div><\/div>\n<\/div><\/div><\/div>\n<\/div><a class=\"stk-link stk-block-link stk--transparent-overlay\" href=\"https:\/\/www.campingambois.com\/en\/leisure-area\/\"><\/a><\/div>\n<\/div><\/div><\/div>\n\n\n\n<div class=\"wp-block-stackable-column stk-block-column stk-column stk-block stk-42810f7\" data-v=\"4\" data-block-id=\"42810f7\"><div class=\"stk-column-wrapper stk-block-column__content stk-container stk-42810f7-container stk--no-background stk--no-padding\"><div class=\"stk-block-content stk-inner-blocks stk-42810f7-inner-blocks\">\n<div class=\"wp-block-stackable-image-box stk-block-image-box stk-hover-parent stk-block stk-294f401 is-style-line\" data-block-id=\"294f401\"><style>.stk-294f401 {border-top-left-radius:10px !important;border-top-right-radius:10px !important;border-bottom-right-radius:10px !important;border-bottom-left-radius:10px !important;overflow:hidden !important;}<\/style><div class=\"stk-block-content stk-inner-blocks has-text-align-center stk-row stk-block-image-box__content\">\n<div class=\"wp-block-stackable-image stk-block-image stk-block stk-1b67d2d\" data-block-id=\"1b67d2d\"><style>.stk-1b67d2d .stk-img-wrapper{height:350px !important;}:where(.stk-hover-parent:hover,  .stk-hover-parent.stk--is-hovered) .stk-1b67d2d .stk-img-wrapper::after{background-color:var(--stk-global-color-95148, #3c5018) !important;}:where(.stk-hover-parent:hover,  .stk-hover-parent.stk--is-hovered) .stk-1b67d2d .stk-img-wrapper{--stk-gradient-overlay:0.5 !important;}<\/style><figure><span class=\"stk-img-wrapper stk-image--shape-stretch\"><img loading=\"lazy\" decoding=\"async\" class=\"stk-img wp-image-17317\" src=\"https:\/\/www.campingambois.com\/wp-content\/uploads\/2026\/01\/IMG-20250725-WA0033.jpg\" width=\"1200\" height=\"1600\" alt=\"ideal campsite for families in vend\u00e9e\" srcset=\"https:\/\/www.campingambois.com\/wp-content\/uploads\/2026\/01\/IMG-20250725-WA0033.jpg 1200w, https:\/\/www.campingambois.com\/wp-content\/uploads\/2026\/01\/IMG-20250725-WA0033-225x300.jpg 225w, https:\/\/www.campingambois.com\/wp-content\/uploads\/2026\/01\/IMG-20250725-WA0033-768x1024.jpg 768w, https:\/\/www.campingambois.com\/wp-content\/uploads\/2026\/01\/IMG-20250725-WA0033-1152x1536.jpg 1152w, https:\/\/www.campingambois.com\/wp-content\/uploads\/2026\/01\/IMG-20250725-WA0033-9x12.jpg 9w, https:\/\/www.campingambois.com\/wp-content\/uploads\/2026\/01\/IMG-20250725-WA0033-500x667.jpg 500w, https:\/\/www.campingambois.com\/wp-content\/uploads\/2026\/01\/IMG-20250725-WA0033-800x1067.jpg 800w\" sizes=\"auto, (max-width: 1200px) 100vw, 1200px\" \/><\/span><\/figure><\/div>\n\n\n\n<div class=\"wp-block-stackable-column stk-block-column stk-column stk-block stk-a00c89c\" data-v=\"4\" data-block-id=\"a00c89c\"><style>.stk-a00c89c-container{margin-top:0px !important;margin-right:0px !important;margin-bottom:0px !important;margin-left:0px !important;background-color:#3c4f1854 !important;display:flex !important;}.stk-a00c89c-container:before{background-color:#3c4f1854 !important;}.stk-a00c89c-inner-blocks{justify-content:center !important;}<\/style><div class=\"stk-column-wrapper stk-block-column__content stk-container stk-a00c89c-container stk-hover-parent\"><div class=\"stk-block-content stk-inner-blocks stk-a00c89c-inner-blocks\">\n<div class=\"wp-block-stackable-heading stk-block-heading stk-block-heading--v2 stk-block stk-cb9a61c\" id=\"animations\" data-block-id=\"cb9a61c\"><style>.stk-cb9a61c .stk-block-heading__bottom-line{height:2px !important;width:0px !important;background-color:#FFFFFF !important;margin-top:16px !important;margin-left:auto !important;margin-right:auto !important;}:where(.stk-hover-parent:hover,  .stk-hover-parent.stk--is-hovered) .stk-cb9a61c .stk-block-heading__bottom-line{width:80% !important;}.stk-cb9a61c .stk-block-heading__text{font-size:28px !important;color:#FFFFFF !important;}@media screen and (max-width: 1023px){.stk-cb9a61c .stk-block-heading__text{font-size:28px !important;}}<\/style><h4 class=\"stk-block-heading__text has-text-color has-white-color\">Entertainment<\/h4><div class=\"stk-block-heading__bottom-line\"><\/div><\/div>\n<\/div><\/div><\/div>\n<\/div><a class=\"stk-link stk-block-link stk--transparent-overlay\" href=\"https:\/\/www.campingambois.com\/en\/camping-entertainment\/\"><\/a><\/div>\n<\/div><\/div><\/div>\n<\/div><\/div>","protected":false},"excerpt":{"rendered":"<p>Leisure area Events<\/p>","protected":false},"author":1,"featured_media":1240,"parent":0,"menu_order":0,"comment_status":"closed","ping_status":"closed","template":"","meta":{"_acf_changed":false,"_seopress_robots_primary_cat":"","_seopress_titles_title":"Le Paradis des enfants - Camping l'Ambois en Vend\u00e9e","_seopress_titles_desc":"D\u00e9couvrez toutes les animations propos\u00e9es par le camping 4 \u00e9toiles de l'Ambois. Des \u00e9quipements et activit\u00e9s pour les enfants.","_seopress_robots_index":"","_vp_format_video_url":"","_vp_image_focal_point":[],"footnotes":""},"class_list":["post-1151","page","type-page","status-publish","has-post-thumbnail","hentry"],"acf":[],"_links":{"self":[{"href":"https:\/\/www.campingambois.com\/en\/wp-json\/wp\/v2\/pages\/1151","targetHints":{"allow":["GET"]}}],"collection":[{"href":"https:\/\/www.campingambois.com\/en\/wp-json\/wp\/v2\/pages"}],"about":[{"href":"https:\/\/www.campingambois.com\/en\/wp-json\/wp\/v2\/types\/page"}],"author":[{"embeddable":true,"href":"https:\/\/www.campingambois.com\/en\/wp-json\/wp\/v2\/users\/1"}],"replies":[{"embeddable":true,"href":"https:\/\/www.campingambois.com\/en\/wp-json\/wp\/v2\/comments?post=1151"}],"version-history":[{"count":5,"href":"https:\/\/www.campingambois.com\/en\/wp-json\/wp\/v2\/pages\/1151\/revisions"}],"predecessor-version":[{"id":17362,"href":"https:\/\/www.campingambois.com\/en\/wp-json\/wp\/v2\/pages\/1151\/revisions\/17362"}],"wp:featuredmedia":[{"embeddable":true,"href":"https:\/\/www.campingambois.com\/en\/wp-json\/wp\/v2\/media\/1240"}],"wp:attachment":[{"href":"https:\/\/www.campingambois.com\/en\/wp-json\/wp\/v2\/media?parent=1151"}],"curies":[{"name":"wp","href":"https:\/\/api.w.org\/{rel}","templated":true}]}}